{"id":3822,"date":"2019-08-05T20:53:21","date_gmt":"2019-08-05T19:53:21","guid":{"rendered":"http:\/\/www.gtv-grossenmeer.de\/wordpress\/?page_id=3822"},"modified":"2020-01-03T20:05:09","modified_gmt":"2020-01-03T19:05:09","slug":"fotos-10-km-2019","status":"publish","type":"page","link":"http:\/\/www.gtv-grossenmeer.de\/wordpress\/samstagslauf-14-juni-2025\/ergebnisse-samstagslauf-2024\/samstagslauf\/ergebnislisten-samstagslauf-2022\/samstagslauf-10-06-2017\/fotos-10-km-2019\/","title":{"rendered":"Foto&#8217;s 10-km 2019"},"content":{"rendered":"\n<p>Sorry, aber erst einmal bin ich froh, dass die Bilder auf der hp sind\u2026 Ich habe sie gedreht, damit ihr nicht nur Startnummern auf den Bildern habt, die Bilder k\u00f6nnt ihr f\u00fcr euch dann ja wieder auf die F\u00fc\u00dfe stellen\u2026.<\/p>\n\n\n\n<p>Ich finde etliche sehr gelungen, wir freuen uns auf euch im n\u00e4chsten Jahr am 13.06.2020 zum 11. Samstagslauf Gro\u00dfenmeer!<br>Wilfried M\u00fcller<\/p>\n\n\n\nngg_shortcode_0_placeholder\n","protected":false},"excerpt":{"rendered":"<p>Sorry, aber erst einmal bin ich froh, dass die Bilder auf der hp sind\u2026 Ich habe sie gedreht, damit ihr nicht nur Startnummern auf den Bildern habt, die Bilder k\u00f6nnt ihr f\u00fcr euch dann ja wieder auf die F\u00fc\u00dfe stellen\u2026. Ich finde etliche sehr gelungen, wir freuen uns auf euch im n\u00e4chsten Jahr am 13.06.2020 [&hellip;]<\/p>\n","protected":false},"author":1,"featured_media":0,"parent":1959,"menu_order":3,"comment_status":"closed","ping_status":"closed","template":"","meta":{"ngg_post_thumbnail":0,"footnotes":""},"_links":{"self":[{"href":"http:\/\/www.gtv-grossenmeer.de\/wordpress\/wp-json\/wp\/v2\/pages\/3822"}],"collection":[{"href":"http:\/\/www.gtv-grossenmeer.de\/wordpress\/wp-json\/wp\/v2\/pages"}],"about":[{"href":"http:\/\/www.gtv-grossenmeer.de\/wordpress\/wp-json\/wp\/v2\/types\/page"}],"author":[{"embeddable":true,"href":"http:\/\/www.gtv-grossenmeer.de\/wordpress\/wp-json\/wp\/v2\/users\/1"}],"replies":[{"embeddable":true,"href":"http:\/\/www.gtv-grossenmeer.de\/wordpress\/wp-json\/wp\/v2\/comments?post=3822"}],"version-history":[{"count":3,"href":"http:\/\/www.gtv-grossenmeer.de\/wordpress\/wp-json\/wp\/v2\/pages\/3822\/revisions"}],"predecessor-version":[{"id":4109,"href":"http:\/\/www.gtv-grossenmeer.de\/wordpress\/wp-json\/wp\/v2\/pages\/3822\/revisions\/4109"}],"up":[{"embeddable":true,"href":"http:\/\/www.gtv-grossenmeer.de\/wordpress\/wp-json\/wp\/v2\/pages\/1959"}],"wp:attachment":[{"href":"http:\/\/www.gtv-grossenmeer.de\/wordpress\/wp-json\/wp\/v2\/media?parent=3822"}],"curies":[{"name":"wp","href":"https:\/\/api.w.org\/{rel}","templated":true}]}}