{"id":11,"date":"2014-03-03T23:18:21","date_gmt":"2014-03-03T23:18:21","guid":{"rendered":"http:\/\/www.gtv-grossenmeer.de\/wordpress\/?page_id=11"},"modified":"2026-04-14T06:57:06","modified_gmt":"2026-04-14T05:57:06","slug":"hallenplan","status":"publish","type":"page","link":"https:\/\/www.gtv-grossenmeer.de\/wordpress\/hallenplan\/","title":{"rendered":"Hallenplan\/ Sportplatz"},"content":{"rendered":"<p><span style=\"color: #008000;\"><b><span style=\"caret-color: #ff0000; font-size: revert;\">Hier findet ihr jeweils den <\/span><span style=\"caret-color: #ff0000;\">g\u00fcltigen<\/span><span style=\"caret-color: #ff0000; font-size: revert;\"> Hallenplan;&nbsp;<br><\/span><\/b><\/span><strong style=\"font-size: revert;\"><span style=\"color: #800000;\">alle Anfragen f\u00fcr Nutzungen au\u00dferhalb des Planes an den Vorstand!<\/span><\/strong><span style=\"font-size: revert;\">&nbsp;<br>Hallenwartin: Hannah Fischer<\/span><\/p>\n<p><a href=\"https:\/\/www.gtv-grossenmeer.de\/wp-content\/uploads\/2026\/03\/Hallenplan-4-26.jpg\"><img loading=\"lazy\" decoding=\"async\" class=\"aligncenter size-full wp-image-7382\" src=\"https:\/\/www.gtv-grossenmeer.de\/wp-content\/uploads\/2026\/03\/Hallenplan-4-26.jpg\" alt=\"\" width=\"861\" height=\"574\" srcset=\"https:\/\/www.gtv-grossenmeer.de\/wp-content\/uploads\/2026\/03\/Hallenplan-4-26.jpg 861w, https:\/\/www.gtv-grossenmeer.de\/wp-content\/uploads\/2026\/03\/Hallenplan-4-26-300x200.jpg 300w, https:\/\/www.gtv-grossenmeer.de\/wp-content\/uploads\/2026\/03\/Hallenplan-4-26-768x512.jpg 768w\" sizes=\"(max-width: 861px) 100vw, 861px\" \/><\/a><\/p>\n<p><span style=\"color: #800000;\"><strong>Weitere Hallentermine &nbsp; 2026<\/strong><\/span><\/p>\n<ul>\n<li><span style=\"color: #000000;\">jeden 1. Mittwoch im Monat Tanzkreis Wesermarsch , die anderen Tage jeweils Mittwoch (Spiegelraum); Orientalischer Tanz Ursel Ahrens<\/span><\/li>\n<li>Freitag 19.6. ab 18:00 &#8211; 20:00 Uhr Aufbau, Samstag 20.06.26 ganzer Tag: Halle\/Anbau Gel\u00e4nde Samstagslauf Gro\u00dfenmeer&nbsp;<\/li>\n<li>Montag 20.7. und Dienstag den 21 .7.26 (ganze Tage) Tischtennis Ferienpass Ovelg\u00f6nne, Hans Mester&nbsp;<\/li>\n<li>Modellbahn-B\u00f6rse &nbsp;6.12. Ganzer Tag bis 18:00 Uhr, Gunnar Hirsch (5.12. Aufbau ab 15:00 Uhr)<\/li>\n<\/ul>\n<p><strong><span style=\"color: #0000ff;\"> <a href=\"https:\/\/www.gtv-grossenmeer.de\/wp-content\/uploads\/2025\/10\/IMG_6396-scaled.jpeg\"><img loading=\"lazy\" decoding=\"async\" class=\"wp-image-7100 alignleft\" src=\"https:\/\/www.gtv-grossenmeer.de\/wp-content\/uploads\/2025\/10\/IMG_6396-scaled.jpeg\" alt=\"\" width=\"161\" height=\"121\" srcset=\"https:\/\/www.gtv-grossenmeer.de\/wp-content\/uploads\/2025\/10\/IMG_6396-scaled.jpeg 2560w, https:\/\/www.gtv-grossenmeer.de\/wp-content\/uploads\/2025\/10\/IMG_6396-300x225.jpeg 300w, https:\/\/www.gtv-grossenmeer.de\/wp-content\/uploads\/2025\/10\/IMG_6396-1024x768.jpeg 1024w, https:\/\/www.gtv-grossenmeer.de\/wp-content\/uploads\/2025\/10\/IMG_6396-768x576.jpeg 768w, https:\/\/www.gtv-grossenmeer.de\/wp-content\/uploads\/2025\/10\/IMG_6396-1536x1152.jpeg 1536w, https:\/\/www.gtv-grossenmeer.de\/wp-content\/uploads\/2025\/10\/IMG_6396-2048x1536.jpeg 2048w\" sizes=\"(max-width: 161px) 100vw, 161px\" \/><\/a><\/span><\/strong><strong><span style=\"color: #0000ff;\">Nutzungsanfragen f\u00fcr den Multifunktionsraum im Anbau<br><\/span><\/strong> von GTV oder SG GTV\/BTB \u00dcbungsleiter:innen\/Trainer:innen bitte an den Vorstand oder \u00fcber die interne Seite Zeiten sichten und anfragen. Die Vereine der Vereinsgemeinschaft Gro\u00dfenmeer nutzen bitte ebenfalls die interne Seite zur Anfrage.<\/p>\n<p>&nbsp;<\/p>\n<p><span style=\"color: #ff0000;\"><span style=\"caret-color: #ff0000; font-weight: 600;\"><span style=\"color: #008000;\">Sportplatz<br><\/span><\/span><\/span>Fu\u00dfball-Training <\/p>\n<p><span style=\"color: #808080;\">E-Junioren Montag 17:30 Uhr<\/span><br><span style=\"color: #808080;\">G-Junioren &nbsp;Montag 17:00 Uhr<\/span><br><span style=\"color: #808080;\">F-Junioren Mittwoch 16:30 Uhr?<\/span><br><span style=\"color: #808080;\">Frauen&nbsp; Mittwoch 19:00 &#8211; 20:30 Uhr<\/span><br><span style=\"color: #808080;\">1. Herren &nbsp;Montag 19:30 &#8211; 20:30 Uhr<\/span><\/p>\n<p>&nbsp;<\/p>\n\n\n<p><\/p>\n","protected":false},"excerpt":{"rendered":"<p>Hier findet ihr jeweils den g\u00fcltigen Hallenplan;&nbsp;alle Anfragen f\u00fcr Nutzungen au\u00dferhalb des Planes an den Vorstand!&nbsp;Hallenwartin: Hannah Fischer Weitere Hallentermine &nbsp; 2026 jeden 1. Mittwoch im Monat Tanzkreis Wesermarsch , die anderen Tage jeweils Mittwoch (Spiegelraum); Orientalischer Tanz Ursel Ahrens Freitag 19.6. ab 18:00 &#8211; 20:00 Uhr Aufbau, Samstag 20.06.26 ganzer Tag: Halle\/Anbau Gel\u00e4nde Samstagslauf [&hellip;]<\/p>\n","protected":false},"author":1,"featured_media":0,"parent":0,"menu_order":2,"comment_status":"closed","ping_status":"closed","template":"","meta":{"ngg_post_thumbnail":0,"footnotes":""},"_links":{"self":[{"href":"https:\/\/www.gtv-grossenmeer.de\/wordpress\/wp-json\/wp\/v2\/pages\/11"}],"collection":[{"href":"https:\/\/www.gtv-grossenmeer.de\/wordpress\/wp-json\/wp\/v2\/pages"}],"about":[{"href":"https:\/\/www.gtv-grossenmeer.de\/wordpress\/wp-json\/wp\/v2\/types\/page"}],"author":[{"embeddable":true,"href":"https:\/\/www.gtv-grossenmeer.de\/wordpress\/wp-json\/wp\/v2\/users\/1"}],"replies":[{"embeddable":true,"href":"https:\/\/www.gtv-grossenmeer.de\/wordpress\/wp-json\/wp\/v2\/comments?post=11"}],"version-history":[{"count":486,"href":"https:\/\/www.gtv-grossenmeer.de\/wordpress\/wp-json\/wp\/v2\/pages\/11\/revisions"}],"predecessor-version":[{"id":7397,"href":"https:\/\/www.gtv-grossenmeer.de\/wordpress\/wp-json\/wp\/v2\/pages\/11\/revisions\/7397"}],"wp:attachment":[{"href":"https:\/\/www.gtv-grossenmeer.de\/wordpress\/wp-json\/wp\/v2\/media?parent=11"}],"curies":[{"name":"wp","href":"https:\/\/api.w.org\/{rel}","templated":true}]}}