{"id":111,"date":"2014-03-11T07:14:56","date_gmt":"2014-03-11T07:14:56","guid":{"rendered":"http:\/\/www.gtv-grossenmeer.de\/wordpress\/?page_id=111"},"modified":"2025-10-21T19:42:52","modified_gmt":"2025-10-21T18:42:52","slug":"kinderturnen","status":"publish","type":"page","link":"https:\/\/www.gtv-grossenmeer.de\/wordpress\/sportangebote\/kinderturnen\/","title":{"rendered":"Kinder- \/ Ger\u00e4tturnen"},"content":{"rendered":"<h2 style=\"text-align: center;\">Turnen von klein bis gro\u00df!<\/h2>\n<p><b><br>Eltern-Kind-Turnen&nbsp;<\/b><b>f\u00fcr 1-3j\u00e4hrige<\/b><\/p>\n<p><b><span style=\"color: #808080;\"><span style=\"color: #000000;\">Mittwochs<\/span><\/span><span style=\"color: #808080;\">&nbsp; ab 14:30 &#8211; ca 15.00 gemeinsamer Aufbau<br>&nbsp; &nbsp; &nbsp; &nbsp; &nbsp; &nbsp; &nbsp; &nbsp; &nbsp; &nbsp; &nbsp;<span style=\"color: #000000;\">15:00 &#8211; 16:00 Uhr<\/span><\/span><\/b><\/p>\n<p>Wir freuen uns, &nbsp;den j\u00fcngsten wieder ein Bewegungsangebot machen zu k\u00f6nnen. Die Turnzeit beginnt um 15:oo Uhr, allerdings wird darum gebeten ab 14:30 Uhr beim Aufbau der Ger\u00e4te zu helfen. Beim Abbau ist ebenfalls Unterst\u00fctzung erforderlich, damit die Korbballer auch p\u00fcnktlich starten k\u00f6nnen.<\/p>\n<div dir=\"auto\">Leitung: &nbsp;Claudia B\u00fcsing, Katja B\u00f6ning<\/div>\n<p>&nbsp;<\/p>\n<p><span style=\"color: #ff0000;\"><span style=\"color: #000000;\"><strong>K<\/strong><strong>inderturnen 4-6 Jahre<\/strong><br>Dienstags 15-16:00 Uhr&nbsp;<\/span><\/span><\/p>\n<p>&nbsp;<\/p>\n<p><span style=\"color: #808080;\"><strong>K<\/strong><b>inderturnen&nbsp;f\u00fcr 6-10 j\u00e4hrige&nbsp; (Grundschulkinder)<br><\/b><strong>Montags &nbsp; &nbsp;15:00 bis 16:30 Uhr&nbsp;<\/strong><\/span><\/p>\n<p>Leider immer noch offen; wir suchen hier dringend eine \u00dcbungsleiterin<\/p>\n<p><b><br>Ger\u00e4tturnen&nbsp;ab 7 Jahren<br><\/b><\/p>\n\n\n<p>Auch hier wird eine \u00dcl gesucht. \u00dcl-Schein erforderlich!<br><strong>Bitte bei Interesse f\u00fcr R\u00fcckfragen beim Vorstand melden!<\/strong><\/p>\n","protected":false},"excerpt":{"rendered":"<p>Turnen von klein bis gro\u00df! Eltern-Kind-Turnen&nbsp;f\u00fcr 1-3j\u00e4hrige Mittwochs&nbsp; ab 14:30 &#8211; ca 15.00 gemeinsamer Aufbau&nbsp; &nbsp; &nbsp; &nbsp; &nbsp; &nbsp; &nbsp; &nbsp; &nbsp; &nbsp; &nbsp;15:00 &#8211; 16:00 Uhr Wir freuen uns, &nbsp;den j\u00fcngsten wieder ein Bewegungsangebot machen zu k\u00f6nnen. Die Turnzeit beginnt um 15:oo Uhr, allerdings wird darum gebeten ab 14:30 Uhr beim Aufbau der [&hellip;]<\/p>\n","protected":false},"author":1,"featured_media":0,"parent":9,"menu_order":0,"comment_status":"closed","ping_status":"closed","template":"","meta":{"ngg_post_thumbnail":0,"footnotes":""},"_links":{"self":[{"href":"https:\/\/www.gtv-grossenmeer.de\/wordpress\/wp-json\/wp\/v2\/pages\/111"}],"collection":[{"href":"https:\/\/www.gtv-grossenmeer.de\/wordpress\/wp-json\/wp\/v2\/pages"}],"about":[{"href":"https:\/\/www.gtv-grossenmeer.de\/wordpress\/wp-json\/wp\/v2\/types\/page"}],"author":[{"embeddable":true,"href":"https:\/\/www.gtv-grossenmeer.de\/wordpress\/wp-json\/wp\/v2\/users\/1"}],"replies":[{"embeddable":true,"href":"https:\/\/www.gtv-grossenmeer.de\/wordpress\/wp-json\/wp\/v2\/comments?post=111"}],"version-history":[{"count":68,"href":"https:\/\/www.gtv-grossenmeer.de\/wordpress\/wp-json\/wp\/v2\/pages\/111\/revisions"}],"predecessor-version":[{"id":7115,"href":"https:\/\/www.gtv-grossenmeer.de\/wordpress\/wp-json\/wp\/v2\/pages\/111\/revisions\/7115"}],"up":[{"embeddable":true,"href":"https:\/\/www.gtv-grossenmeer.de\/wordpress\/wp-json\/wp\/v2\/pages\/9"}],"wp:attachment":[{"href":"https:\/\/www.gtv-grossenmeer.de\/wordpress\/wp-json\/wp\/v2\/media?parent=111"}],"curies":[{"name":"wp","href":"https:\/\/api.w.org\/{rel}","templated":true}]}}