{"id":1118,"date":"2016-06-08T22:11:36","date_gmt":"2016-06-08T21:11:36","guid":{"rendered":"http:\/\/www.gtv-grossenmeer.de\/wordpress\/?page_id=1118"},"modified":"2016-08-07T14:46:16","modified_gmt":"2016-08-07T13:46:16","slug":"lauf-und-sportfest-13-8-2016","status":"publish","type":"page","link":"https:\/\/www.gtv-grossenmeer.de\/wordpress\/samstagslauf-14-juni-2025\/ergebnisse-samstagslauf-2024\/samstagslauf\/ergebnislisten-samstagslauf-2022\/samstagslauf-10-06-2017\/lauf-und-sportfest-13-august-2016\/lauf-und-sportfest-13-8-2016\/","title":{"rendered":"Programm"},"content":{"rendered":"<p>&nbsp;<\/p>\n<p><img loading=\"lazy\" decoding=\"async\" class=\" size-medium wp-image-1158 alignleft\" src=\"http:\/\/www.gtv-grossenmeer.de\/wordpress\/wp-content\/uploads\/2016\/06\/ProgrammX-300x287.jpg\" alt=\"ProgrammX\" width=\"300\" height=\"287\" srcset=\"https:\/\/www.gtv-grossenmeer.de\/wp-content\/uploads\/2016\/06\/ProgrammX-300x287.jpg 300w, https:\/\/www.gtv-grossenmeer.de\/wp-content\/uploads\/2016\/06\/ProgrammX.jpg 423w\" sizes=\"(max-width: 300px) 100vw, 300px\" \/><\/p>\n<p>&nbsp;<\/p>\n<p>Nebenstehend findet ihr die Programmplanung; auf dieser Seite wollen wir die einzelnen Programmteile vorstellen. Wir bieten ein Programm f\u00fcr die ganze Familie und hoffen nat\u00fcrlich auf rege Beteiligung!<\/p>\n<p>Der GTV<\/p>\n<p>&nbsp;<\/p>\n<p><strong><span style=\"color: #003300;\">________<br \/>\n9:00 \u00a0Zumba<\/span><\/strong><\/p>\n<p>Ein gewagtes Unterfangen, wir bieten euch einen wirklichen Fr\u00fchsport mit<br \/>\nRachel und <a href=\"http:\/\/www.gtv-grossenmeer.de\/wordpress\/wp-content\/uploads\/2016\/06\/ZumbaLogokl.jpg\"><img loading=\"lazy\" decoding=\"async\" class=\"alignright  wp-image-1160\" src=\"http:\/\/www.gtv-grossenmeer.de\/wordpress\/wp-content\/uploads\/2016\/06\/ZumbaLogokl.jpg\" alt=\"ZumbaLogokl\" width=\"159\" height=\"74\" \/><\/a>Megan Kohl an. Nutzt den Morgen um Zumba kennen zu lernen oder wieder dabei zu sein;\u00a0schnuppert hier hinein und bekommt einen Einblick in das Angebot des GTV (Zumba voraussichtlich dann Donnerstags regelm\u00e4\u00dfig)<br \/>\nDie ersten 20 (<em>unverbindlichen)\u00a0<\/em><a href=\"http:\/\/www.gtv-grossenmeer.de\/wordpress\/sportangebote\/kurse\/zumba-fitness\/\" target=\"_blank\">Anmeldungen<\/a> bekommen danach im Sportler-Cafe&#8216; ein kostenloses Fr\u00fchst\u00fcck! (Kaffee \/1ST Kuchen oder 1 Br\u00f6tchen) \u00a0:-))<\/p>\n<p><strong><span style=\"color: #003300;\">ab 9:00 \u00a0Sportspiele<\/span><\/strong><\/p>\n<p>Koordination und Geschicklichkeit ; <span style=\"color: #808000;\">Die F\u00f6rdervereine von Kindergarten und Grundschule<\/span> bieten hier einen Parcours f\u00fcr die j\u00fcngsten an; \u00a0Der <span style=\"color: #808000;\">Modellbahn-Verein<\/span> erm\u00f6glicht erste Versuche geschickten Rangierens f\u00fcr zuk\u00fcnftige Lokf\u00fchrer&#8230; und auch ein Holzpferd bietet ausreichend Gelegenheit unter der Anleitung von erfahrenen Voltis erste Kunstst\u00fccke zu \u00fcben :-))<\/p>\n<p>Diese Spiele werden den Vormittag \u00fcber angeboten<\/p>\n<p><span style=\"color: #003300;\"><strong>11:00 \u00a01 km Kinderlauf<\/strong><\/span><\/p>\n<p>Um 11 Uhr ist der Start f\u00fcr den ersten Laufwettbewerb; Wir hoffen nat\u00fcrlich, alle Gro\u00dfenmeerer Kinder der Jahrg\u00e4nge U8 , U 10 und U12 begr\u00fc\u00dfen zu k\u00f6nnen. Die Schulen aus der Umgebung sind ebenfalls herzlich eingeladen. (zu den Jahrg\u00e4ngen siehe <a href=\"http:\/\/www.gtv-grossenmeer.de\/wordpress\/wp-content\/uploads\/2016\/06\/altersklassen.jpg\" target=\"_blank\">Altersklassen<\/a>; Jahrgang 2010 kann ebenfalls starten);<br \/>\nWir werten zwar, weil es ja spannend ist zu wissen wie schnell man ist, im Vordergrund steht aber die Teilnahme;<br \/>\nUnd das gilt auch f\u00fcr den 5km-Lauf: Fitness hei\u00dft f\u00fcr den GTV: <strong><span style=\"color: #003300;\">Jede Bewegung z\u00e4hlt!<\/span><\/strong><\/p>\n<p><strong><span style=\"color: #003300;\">12:00 \u00a0Korbball<\/span><\/strong><\/p>\n<p>Die E-Jugend des GTV hat ihren Titel verteidigt und ist erneut Landesmeister geworden. <img loading=\"lazy\" decoding=\"async\" class=\"alignright  wp-image-532\" src=\"http:\/\/www.gtv-grossenmeer.de\/wordpress\/wp-content\/uploads\/2014\/03\/korbball-150x150.jpg\" alt=\"korbball\" width=\"91\" height=\"91\" srcset=\"https:\/\/www.gtv-grossenmeer.de\/wp-content\/uploads\/2014\/03\/korbball-150x150.jpg 150w, https:\/\/www.gtv-grossenmeer.de\/wp-content\/uploads\/2014\/03\/korbball.jpg 257w\" sizes=\"(max-width: 91px) 100vw, 91px\" \/><br \/>\nSie pr\u00e4sentieren sich in einem Freundschaftsspiel. Danach k\u00f6nnen Korbball-\u00dcbungen aus dem Training von allen ausprobiert werden. Zum Abschluss steht ein kleines Familien-Turnier &gt; <span style=\"color: #3366ff;\">Socken-Korbball\u00a0<\/span>\u00a0auf dem Programm.<\/p>\n<p><span style=\"color: #ff6600;\"><strong><br \/>\n<span style=\"color: #003300;\">14:00 \u00a05 km Jogging- Lauf\u00a0<\/span><\/strong><\/span><\/p>\n<p>Start des Laufes f\u00fcr ambitionierte und \u00a0andere Breitensportler; Auch hier die Wertung nach den Altersklassen des DLV; Die Siegerehrung f\u00fcr diesen Lauf beendet das Lauf- und Sportfest des GTV (vorraussichtl. 16:00 Uhr); Getr\u00e4nke werden im Zieleinlauf und auf der Strecke bereit gestellt.<\/p>\n<p><strong><span style=\"color: #003300;\">14:15 \u00a0 &#8220; Hauptsache -dabei-Lauf&#8220;<\/span><\/strong><\/p>\n<p>Bei ausreichender Beteiligung Start der Walker und Gelegenheits-L\u00e4ufer, ohne Zeitmessung und Startnummer; wer das Ziel erreicht bekommt nat\u00fcrlich eine Urkunde; Pausen sind machbar (ein kurzer Plausch bei der Feuerwehr mit Apfelsaft) , \u00a0aber bis 16:00 Uhr sollten alle im Ziel sein&#8230;.. ;-))<\/p>\n<p><span style=\"color: #003300;\"><strong><a style=\"color: #003300;\" href=\"http:\/\/www.gtv-grossenmeer.de\/wordpress\/lauf-und-sportfest-13-august-2016\/kinderturnabzeichen\/\">ab 14.30 \u00a0Kinderturnabzeichen<\/a><\/strong><\/span><\/p>\n<p><a href=\"http:\/\/www.gtv-grossenmeer.de\/wordpress\/lauf-und-sportfest-13-august-2016\/kinderturnabzeichen\/\"><img loading=\"lazy\" decoding=\"async\" class=\"alignright wp-image-1165\" src=\"http:\/\/www.gtv-grossenmeer.de\/wordpress\/wp-content\/uploads\/2016\/06\/KT-ABZ.jpg\" alt=\"KT-ABZ\" width=\"146\" height=\"107\" \/><\/a>Der DTB vergibt ein Kinderturnabzeichen; damit k\u00f6nnen Kinder, \u00e4hnlich dem\u00a0Sportabzeichen, ihre Fitness in unterschiedlichen Bereichen des Turnens nachweisen. Bei ausreichender Punktzahl erhalten die TurnerInnen dann das Abzeichen. Dies findet in der Turnhalle statt und wird von den Trainerinnen des Ger\u00e4teturnens durchgef\u00fchrt. Da der DTB die Materialien leider nicht kostenfrei abgibt, wird hier eine kleine Geb\u00fchr erhoben.<\/p>\n<p><span style=\"color: #003300;\"><strong>15:00 Ju-Jutsu\u00a0<\/strong><\/span><\/p>\n<p><a href=\"http:\/\/www.gtv-grossenmeer.de\/wordpress\/wp-content\/uploads\/2014\/03\/JuJutsu-logo.jpg\"><img loading=\"lazy\" decoding=\"async\" class=\"alignright  wp-image-942\" src=\"http:\/\/www.gtv-grossenmeer.de\/wordpress\/wp-content\/uploads\/2014\/03\/JuJutsu-logo-150x150.jpg\" alt=\"JuJutsu-logo\" width=\"128\" height=\"128\" \/><\/a>Diese neue\u00a0Sparte im GTV m\u00f6chte sich vorstellen und einige \u00dcbungen zur Selbstverteidigung in Alltagssituationen vorf\u00fchren. Ju-Jutsu bietet neben den Techniken in Selbstverteidigung ein hohes Ma\u00df an K\u00f6rperkoordination und Fitness; Das Ju-Jutsu- Abzeichen (wird demn\u00e4chst auch beim GTV angeboten) ist ebenso als Leistungsnachweis anerkannt wie das deutsche Sportabzeichen. Die junge Gruppe des GTV wird nach den Ferien die Pr\u00fcfung zum Gelbgurt ablegen.<\/p>\n<p><strong><span style=\"color: #003300;\">11-16:00 Kletterwand der Sportjugend Wesermarsch<\/span><\/strong><\/p>\n<p><a href=\"http:\/\/www.gtv-grossenmeer.de\/wordpress\/wp-content\/uploads\/2016\/06\/kletterwand.jpg\"><img loading=\"lazy\" decoding=\"async\" class=\"alignright  wp-image-1142\" src=\"http:\/\/www.gtv-grossenmeer.de\/wordpress\/wp-content\/uploads\/2016\/06\/kletterwand-150x150.jpg\" alt=\"kletterwand\" width=\"129\" height=\"129\" \/><\/a>Als highlight im Rahmenprogramm bietet die Sportjugend der Wesermarsch auf ihrer mobilen Kletterwand das &#8222;Face to Face&#8220;-Klettern an. Die 8,5m hohe Kletterwand ist aus durchsichtigem Material und kann von zwei Kletterern zeitgleich erklommen werden!<\/p>\n<p>&nbsp;<\/p>\n<p><span style=\"color: #003300;\"><strong>9-16.00 Sportler-Cafe&#8216;<\/strong><\/span><\/p>\n<p>Zur St\u00e4rkung und zum Austausch unter den Sportlern: bei Kaffee, Kuchen und Br\u00f6tchen \u00a0laden die <span style=\"color: #808000;\">Landfrauen<\/span> ein zum verweilen, sich st\u00e4rken und den SportlerInnen in der Halle zusehen.<\/p>\n<p><strong><span style=\"color: #003300;\">9- 16:00\u00a0Getr\u00e4nke und Imbiss<\/span><\/strong><\/p>\n<p>Der <span style=\"color: #808000;\">Sozialverband VdK<\/span>\u00a0sowie der GTV versorgen nicht nur Sportler mit den notwendigen Getr\u00e4nken und einem Imbiss f\u00fcr die Mittagsstunde; Dabei sein ist auch hier die Devise:-)<\/p>\n<p><strong><span style=\"color: #003300;\">9-16:00 \u00a0sportnord<\/span><\/strong><\/p>\n<p>Unser Kooperationspartner sportnord bietet den Tag \u00fcber Sportartikel und auch eine Laufschuh-Beratung an. Wer also feststellt, dass Laufen Spa\u00df macht , aber noch die richtigen Schuhe fehlen, ist hier\u00a0gut aufgehoben.Eine Tombola von Sportnord sorgt sicher f\u00fcr weitere \u00dcberraschungen \u00a0 \u00a0 \u00a0 \u00a0 \u00a0 \u00a0 \u00a0 \u00a0 \u00a0 \u00a0 \u00a0 \u00a0 \u00a0 \u00a0 \u00a0 \u00a0 \u00a0 <a href=\"http:\/\/www.gtv-grossenmeer.de\/wordpress\/wp-content\/uploads\/2016\/06\/logo-sn-wp-new.png\"><img loading=\"lazy\" decoding=\"async\" class=\" size-medium wp-image-1166 alignnone\" src=\"http:\/\/www.gtv-grossenmeer.de\/wordpress\/wp-content\/uploads\/2016\/06\/logo-sn-wp-new-300x55.png\" alt=\"logo-sn-wp-new\" width=\"300\" height=\"55\" \/><\/a><\/p>\n<p>&nbsp;<\/p>\n<p>F\u00fcr einen reibungslosen und verkehrssicheren Ablauf der Wettl\u00e4ufe sorgt die <span style=\"color: #808000;\">Freiwillige Feuerwehr Gro\u00dfenmeer<br \/>\n<\/span><span style=\"color: #000000;\">\u00a0Das\u00a0DRK ist ebenfalls vor Ort!<\/span><\/p>\n<p>&nbsp;<\/p>\n<p>&nbsp;<\/p>\n","protected":false},"excerpt":{"rendered":"<p>&nbsp; &nbsp; Nebenstehend findet ihr die Programmplanung; auf dieser Seite wollen wir die einzelnen Programmteile vorstellen. Wir bieten ein Programm f\u00fcr die ganze Familie und hoffen nat\u00fcrlich auf rege Beteiligung! Der GTV &nbsp; ________ 9:00 \u00a0Zumba Ein gewagtes Unterfangen, wir bieten euch einen wirklichen Fr\u00fchsport mit Rachel und Megan Kohl an. Nutzt den Morgen um [&hellip;]<\/p>\n","protected":false},"author":1,"featured_media":0,"parent":1129,"menu_order":1,"comment_status":"closed","ping_status":"closed","template":"","meta":{"ngg_post_thumbnail":0,"footnotes":""},"_links":{"self":[{"href":"https:\/\/www.gtv-grossenmeer.de\/wordpress\/wp-json\/wp\/v2\/pages\/1118"}],"collection":[{"href":"https:\/\/www.gtv-grossenmeer.de\/wordpress\/wp-json\/wp\/v2\/pages"}],"about":[{"href":"https:\/\/www.gtv-grossenmeer.de\/wordpress\/wp-json\/wp\/v2\/types\/page"}],"author":[{"embeddable":true,"href":"https:\/\/www.gtv-grossenmeer.de\/wordpress\/wp-json\/wp\/v2\/users\/1"}],"replies":[{"embeddable":true,"href":"https:\/\/www.gtv-grossenmeer.de\/wordpress\/wp-json\/wp\/v2\/comments?post=1118"}],"version-history":[{"count":18,"href":"https:\/\/www.gtv-grossenmeer.de\/wordpress\/wp-json\/wp\/v2\/pages\/1118\/revisions"}],"predecessor-version":[{"id":1232,"href":"https:\/\/www.gtv-grossenmeer.de\/wordpress\/wp-json\/wp\/v2\/pages\/1118\/revisions\/1232"}],"up":[{"embeddable":true,"href":"https:\/\/www.gtv-grossenmeer.de\/wordpress\/wp-json\/wp\/v2\/pages\/1129"}],"wp:attachment":[{"href":"https:\/\/www.gtv-grossenmeer.de\/wordpress\/wp-json\/wp\/v2\/media?parent=1118"}],"curies":[{"name":"wp","href":"https:\/\/api.w.org\/{rel}","templated":true}]}}