{"id":1125,"date":"2016-06-08T22:19:18","date_gmt":"2016-06-08T21:19:18","guid":{"rendered":"http:\/\/www.gtv-grossenmeer.de\/wordpress\/?page_id=1125"},"modified":"2026-01-23T19:48:09","modified_gmt":"2026-01-23T18:48:09","slug":"streckenverlaeufe","status":"publish","type":"page","link":"https:\/\/www.gtv-grossenmeer.de\/wordpress\/samstagslauf-20-juni-2026\/streckenverlaeufe\/","title":{"rendered":"Streckenverl\u00e4ufe"},"content":{"rendered":"<p><em><a href=\"http:\/\/www.gtv-grossenmeer.de\/wordpress\/wp-content\/uploads\/2014\/03\/Start-Ziel.jpg\"><img loading=\"lazy\" decoding=\"async\" class=\"alignleft  wp-image-1226\" src=\"http:\/\/www.gtv-grossenmeer.de\/wordpress\/wp-content\/uploads\/2014\/03\/Start-Ziel.jpg\" alt=\"Start - Ziel\" width=\"330\" height=\"546\" srcset=\"https:\/\/www.gtv-grossenmeer.de\/wp-content\/uploads\/2014\/03\/Start-Ziel.jpg 477w, https:\/\/www.gtv-grossenmeer.de\/wp-content\/uploads\/2014\/03\/Start-Ziel-181x300.jpg 181w\" sizes=\"(max-width: 330px) 100vw, 330px\" \/><\/a><\/em><\/p>\n<p><em>&nbsp; &nbsp;<\/em><strong>Start der L\u00e4ufe: &nbsp;<\/strong><br>&gt; &nbsp;Der <span style=\"color: #008000;\">1km<\/span>&#8211; Kinderlauf startet auf dem Dorfweg\/H\u00f6he Sportplatz<br>&gt; &nbsp;der <span style=\"color: #008000;\">5km<\/span>-Lauf startet an der Kreuzung Dorfweg\/ Kleiweg<br><em>Die Zeit wird bei Einlauf durch den Zielkanal manuell gestoppt.&nbsp;<\/em><\/p>\n<p>&gt; &nbsp;Der <span style=\"color: #008000;\">10km-Lauf<\/span> startet auf dem Dorfweg und f\u00fchrt \u00fcber die 1km-Strecke (Schleife) dann erneut am Zieleinlauf vorbei \u00fcber Moorseite , Oberstr\u00f6mische Seite und Dorfweg.&nbsp;Zieleinlauf dann wie bei den anderen L\u00e4ufen vor der Turnhalle Gro\u00dfenmeer<\/p>\n<p>&nbsp;<\/p>\n<p>&nbsp;<\/p>\n<p>&nbsp;<\/p>\n<p>Aktuelle Streckenverl\u00e4ufe&nbsp;<\/p>\n<p><a href=\"http:\/\/www.gtv-grossenmeer.de\/wordpress\/wp-content\/uploads\/2016\/06\/1km-SaLauf24.de_.jpeg\"><img loading=\"lazy\" decoding=\"async\" class=\"alignleft  wp-image-2042\" src=\"http:\/\/www.gtv-grossenmeer.de\/wordpress\/wp-content\/uploads\/2016\/06\/1km-SaLauf24.de_.jpeg\" alt=\"1km SaLauf24.de\" width=\"229\" height=\"429\" srcset=\"https:\/\/www.gtv-grossenmeer.de\/wp-content\/uploads\/2016\/06\/1km-SaLauf24.de_.jpeg 218w, https:\/\/www.gtv-grossenmeer.de\/wp-content\/uploads\/2016\/06\/1km-SaLauf24.de_-160x300.jpeg 160w\" sizes=\"(max-width: 229px) 100vw, 229px\" \/><\/a><\/p>\n<p>&nbsp;<\/p>\n<p><strong>1km Kinderlauf<\/strong><\/p>\n<p><strong><span style=\"color: #008000;\">Start:<\/span><\/strong> Sportplatz \/ Dorfweg<\/p>\n<p>&gt; Richtung Marktplatz<br>&gt; links Meerkircher Stra\u00dfe<br>&gt; links Am Ring<br>&gt; Am WInkel<br>&gt; Dorfweg links<\/p>\n<p><strong>Ziel<\/strong>: Bushaltestelle Turnhalle GTV<\/p>\n<p>(die Strecke ist von der Feuerwehr abgesichert)<\/p>\n<p>&nbsp;<\/p>\n<p>&nbsp;<\/p>\n<p><a href=\"http:\/\/www.gtv-grossenmeer.de\/wordpress\/wp-content\/uploads\/2016\/06\/5km-SaLauf24de.jpeg\"><img loading=\"lazy\" decoding=\"async\" class=\"  wp-image-2041 alignleft\" src=\"http:\/\/www.gtv-grossenmeer.de\/wordpress\/wp-content\/uploads\/2016\/06\/5km-SaLauf24de.jpeg\" alt=\"5km-SaLauf24de\" width=\"348\" height=\"438\" srcset=\"https:\/\/www.gtv-grossenmeer.de\/wp-content\/uploads\/2016\/06\/5km-SaLauf24de.jpeg 310w, https:\/\/www.gtv-grossenmeer.de\/wp-content\/uploads\/2016\/06\/5km-SaLauf24de-238x300.jpeg 238w\" sizes=\"(max-width: 348px) 100vw, 348px\" \/><\/a><\/p>\n<p>&nbsp;<\/p>\n<p><strong>5&nbsp;km- Jogginglauf \/ vermessen<\/strong><\/p>\n<p><strong><span style=\"color: #008000;\">Start<\/span><\/strong>: Dorfweg\/ Kleiweg<\/p>\n<p>&gt; Richtung Marktplatz<br>&gt; Meerkircher Stra\u00dfe nach links<br>&gt;&nbsp;Bahndamm nach links<br>&gt; Oberstr\u00f6mische Seite nach links<br>&gt; Dorfweg nach links<\/p>\n<p>&gt; <strong>Ziel:<\/strong>&nbsp;Bushaltestelle Turnhalle GTV<\/p>\n<p>&nbsp;<\/p>\n<p>&nbsp;<\/p>\n<p>&nbsp;<\/p>\n<p><strong>&nbsp;10 km &#8211; Lauf \/ Bestenliste&nbsp;<\/strong><\/p>\n<p>&nbsp;<\/p>\n<p><a href=\"http:\/\/www.gtv-grossenmeer.de\/wordpress\/wp-content\/uploads\/2016\/06\/10km-1.jpeg\"><img loading=\"lazy\" decoding=\"async\" class=\"aligncenter  wp-image-2047\" src=\"http:\/\/www.gtv-grossenmeer.de\/wordpress\/wp-content\/uploads\/2016\/06\/10km-1.jpeg\" alt=\"10km-1\" width=\"425\" height=\"590\" srcset=\"https:\/\/www.gtv-grossenmeer.de\/wp-content\/uploads\/2016\/06\/10km-1.jpeg 286w, https:\/\/www.gtv-grossenmeer.de\/wp-content\/uploads\/2016\/06\/10km-1-216x300.jpeg 216w\" sizes=\"(max-width: 425px) 100vw, 425px\" \/><\/a><\/p>\n<p>&nbsp;<\/p>\n<p><a href=\"http:\/\/www.gtv-grossenmeer.de\/wordpress\/wp-content\/uploads\/2016\/06\/10km-2.jpeg\"><img loading=\"lazy\" decoding=\"async\" class=\"  wp-image-2048 alignleft\" src=\"http:\/\/www.gtv-grossenmeer.de\/wordpress\/wp-content\/uploads\/2016\/06\/10km-2.jpeg\" alt=\"10km-2\" width=\"256\" height=\"477\" srcset=\"https:\/\/www.gtv-grossenmeer.de\/wp-content\/uploads\/2016\/06\/10km-2.jpeg 250w, https:\/\/www.gtv-grossenmeer.de\/wp-content\/uploads\/2016\/06\/10km-2-161x300.jpeg 161w\" sizes=\"(max-width: 256px) 100vw, 256px\" \/><\/a>&nbsp; &nbsp; &nbsp; &nbsp; &nbsp;&nbsp;<strong>Streckenverlauf 10 km:&nbsp;<\/strong><br><strong><span style=\"color: #008000;\">Start:<\/span><\/strong> Dorfweg 17 \/ Turnhalle<\/p>\n<p>der erste km wird in einer kleinen Schleife (Kinderlauf) gelaufen:<\/p>\n<p>&gt; Richtung Marktplatz<br>&gt; Meerkircher Stra\u00dfe links<br>&gt; Am Ring links<br>&gt; Am Winkel links<br>&gt; Dorfweg links&nbsp;<br>passieren des sp\u00e4teren Zieleinlaufes, jetzt<br>&gt; Richtung Marktplatz<br>&gt; Meerkircher Stra\u00dfe rechts!<br>&gt; gerade aus &nbsp;Kurze Stra\u00dfe<br>&gt; rechts halten\/gerade aus Bahndamm&nbsp;<br>&gt; Moorseiter Stra\u00dfe rechts<br>&gt; Oberstr\u00f6mische Seite rechts<br>&gt; Dorfweg rechts<br>&gt; <strong>Ziel:&nbsp;<\/strong>Bushaltestelle Turnhalle GTV<\/p>\n<p style=\"text-align: center;\">Zu den Altersklassen des DLV 2026 &nbsp;und der Ausschreibung<\/p>\n\n\n<p><\/p>\n","protected":false},"excerpt":{"rendered":"<p>&nbsp; &nbsp;Start der L\u00e4ufe: &nbsp;&gt; &nbsp;Der 1km&#8211; Kinderlauf startet auf dem Dorfweg\/H\u00f6he Sportplatz&gt; &nbsp;der 5km-Lauf startet an der Kreuzung Dorfweg\/ KleiwegDie Zeit wird bei Einlauf durch den Zielkanal manuell gestoppt.&nbsp; &gt; &nbsp;Der 10km-Lauf startet auf dem Dorfweg und f\u00fchrt \u00fcber die 1km-Strecke (Schleife) dann erneut am Zieleinlauf vorbei \u00fcber Moorseite , Oberstr\u00f6mische Seite und Dorfweg.&nbsp;Zieleinlauf [&hellip;]<\/p>\n","protected":false},"author":1,"featured_media":0,"parent":7322,"menu_order":2,"comment_status":"closed","ping_status":"closed","template":"","meta":{"ngg_post_thumbnail":0,"footnotes":""},"_links":{"self":[{"href":"https:\/\/www.gtv-grossenmeer.de\/wordpress\/wp-json\/wp\/v2\/pages\/1125"}],"collection":[{"href":"https:\/\/www.gtv-grossenmeer.de\/wordpress\/wp-json\/wp\/v2\/pages"}],"about":[{"href":"https:\/\/www.gtv-grossenmeer.de\/wordpress\/wp-json\/wp\/v2\/types\/page"}],"author":[{"embeddable":true,"href":"https:\/\/www.gtv-grossenmeer.de\/wordpress\/wp-json\/wp\/v2\/users\/1"}],"replies":[{"embeddable":true,"href":"https:\/\/www.gtv-grossenmeer.de\/wordpress\/wp-json\/wp\/v2\/comments?post=1125"}],"version-history":[{"count":25,"href":"https:\/\/www.gtv-grossenmeer.de\/wordpress\/wp-json\/wp\/v2\/pages\/1125\/revisions"}],"predecessor-version":[{"id":7329,"href":"https:\/\/www.gtv-grossenmeer.de\/wordpress\/wp-json\/wp\/v2\/pages\/1125\/revisions\/7329"}],"up":[{"embeddable":true,"href":"https:\/\/www.gtv-grossenmeer.de\/wordpress\/wp-json\/wp\/v2\/pages\/7322"}],"wp:attachment":[{"href":"https:\/\/www.gtv-grossenmeer.de\/wordpress\/wp-json\/wp\/v2\/media?parent=1125"}],"curies":[{"name":"wp","href":"https:\/\/api.w.org\/{rel}","templated":true}]}}