{"id":113,"date":"2014-03-11T10:17:25","date_gmt":"2014-03-11T10:17:25","guid":{"rendered":"http:\/\/www.gtv-grossenmeer.de\/wordpress\/?page_id=113"},"modified":"2024-12-29T21:01:52","modified_gmt":"2024-12-29T20:01:52","slug":"wirbelsaeulengymnastik","status":"publish","type":"page","link":"https:\/\/www.gtv-grossenmeer.de\/wordpress\/sportangebote\/wirbelsaeulengymnastik\/","title":{"rendered":"Wirbels\u00e4ulengymnastik"},"content":{"rendered":"<p>Die Wirbels\u00e4ulengymnastik kann leider aktuell nicht stattfinden. da wir eine \u00dcbungsleiterin insbesondere f\u00fcr die Seniorinnen suchen.<\/p>\n<p>Fitness, Stabilit\u00e4t, Sturzprophylaxe, Ausdauer, R\u00fcckenschule&#8230;..&nbsp;<br \/>\nBitte meldet euch bei Interesse unsere TurnerInnen auch im Alter zu bewegen \ud83d\ude42<\/p>\n<p>&nbsp;<\/p>\n<p>&nbsp;<\/p>\n<p>&nbsp;<\/p>\n","protected":false},"excerpt":{"rendered":"<p>Die Wirbels\u00e4ulengymnastik kann leider aktuell nicht stattfinden. da wir eine \u00dcbungsleiterin insbesondere f\u00fcr die Seniorinnen suchen. Fitness, Stabilit\u00e4t, Sturzprophylaxe, Ausdauer, R\u00fcckenschule&#8230;..&nbsp; Bitte meldet euch bei Interesse unsere TurnerInnen auch im Alter zu bewegen \ud83d\ude42 &nbsp; &nbsp; &nbsp;<\/p>\n","protected":false},"author":1,"featured_media":0,"parent":9,"menu_order":0,"comment_status":"closed","ping_status":"closed","template":"","meta":{"ngg_post_thumbnail":0,"footnotes":""},"_links":{"self":[{"href":"https:\/\/www.gtv-grossenmeer.de\/wordpress\/wp-json\/wp\/v2\/pages\/113"}],"collection":[{"href":"https:\/\/www.gtv-grossenmeer.de\/wordpress\/wp-json\/wp\/v2\/pages"}],"about":[{"href":"https:\/\/www.gtv-grossenmeer.de\/wordpress\/wp-json\/wp\/v2\/types\/page"}],"author":[{"embeddable":true,"href":"https:\/\/www.gtv-grossenmeer.de\/wordpress\/wp-json\/wp\/v2\/users\/1"}],"replies":[{"embeddable":true,"href":"https:\/\/www.gtv-grossenmeer.de\/wordpress\/wp-json\/wp\/v2\/comments?post=113"}],"version-history":[{"count":10,"href":"https:\/\/www.gtv-grossenmeer.de\/wordpress\/wp-json\/wp\/v2\/pages\/113\/revisions"}],"predecessor-version":[{"id":6797,"href":"https:\/\/www.gtv-grossenmeer.de\/wordpress\/wp-json\/wp\/v2\/pages\/113\/revisions\/6797"}],"up":[{"embeddable":true,"href":"https:\/\/www.gtv-grossenmeer.de\/wordpress\/wp-json\/wp\/v2\/pages\/9"}],"wp:attachment":[{"href":"https:\/\/www.gtv-grossenmeer.de\/wordpress\/wp-json\/wp\/v2\/media?parent=113"}],"curies":[{"name":"wp","href":"https:\/\/api.w.org\/{rel}","templated":true}]}}