{"id":1135,"date":"2024-03-13T18:00:47","date_gmt":"2024-03-13T17:00:47","guid":{"rendered":"http:\/\/www.gtv-grossenmeer.de\/wordpress\/?page_id=1135"},"modified":"2026-01-26T06:28:58","modified_gmt":"2026-01-26T05:28:58","slug":"anmeldung","status":"publish","type":"page","link":"https:\/\/www.gtv-grossenmeer.de\/wordpress\/samstagslauf-20-juni-2026\/anmeldung\/","title":{"rendered":"Anmeldung"},"content":{"rendered":"<h4><span style=\"color: #0000ff;\">&nbsp; Samstagslauf&nbsp;<\/span><span style=\"color: #0000ff;\">Gro\u00dfenmeer 20.Juni 2026<\/span><\/h4>\n<p><strong>Liebe Sportfreunde,<\/strong><\/p>\n<p><b>Wir starten in diesem Jahr mit einem ver\u00e4nderten Termin und einer neuen Luforganisation \u00fcber Laufmanager.net und freuen uns, euch in ansonsten bew\u00e4hrter Manier bei unserem &#8222;laufen- und-schnacken&#8220; Event begr\u00fc\u00dfen zu k\u00f6nnen.<\/b><\/p>\n<p>Besonders \u00fcber Kinder und Jugendliche freuen wir uns sehr! Ihr wollt sowieso mit &#8222;laufen&#8220; anfangen? Gro\u00dfenmeer ist der richtige Ort f\u00fcr einen ersten Start!<\/p>\n<p>-Orga-Team Samstagslauf-<\/p>\n<h5>L\u00e4ufe:<\/h5>\n<p style=\"padding-left: 30px;\"><strong>360 m Bambini ohne Zeitnahme<br>1 km-Lauf f\u00fcr Kinder <\/strong>Jahrg\u00e4nge 2013- 2019<br><strong> 5 km- Jogging-Lauf <\/strong>ab Jg 2016 (U12)<br><strong> 10 km -Lauf&nbsp; &nbsp;<\/strong>ab Jg 2012 (U16)<\/p>\n<h4>&nbsp;Anmeldung bis zum 18.06.2026 \u00fcber <a href=\"https:\/\/www.laufmanager.net\/Anmeldung\/Start20.php?ID=Jahr2026\/Grossenmeer\">www.laufmanager.net<\/a><\/h4>\n<p>Listen (Vereine, Schulen, Firmen etc) wie bisher \u00fcber Mail an uns mit Name, Geburtsdatum, Geschlecht und Lauf &nbsp;&gt; mueller.wilfried.gtv (@) posteo.de<\/p>\n<hr>\n<p style=\"text-align: left;\">&nbsp;<\/p>\n<p style=\"text-align: left;\">Nachmeldungen am Veranstaltungstag bis <strong>60<\/strong> min vor Start m\u00f6glich<\/p>\n<h5><strong>Startgeld:<\/strong><\/h5>\n<p style=\"padding-left: 60px;\">Bambinilauf&nbsp; &nbsp; &nbsp; &nbsp; &nbsp; &nbsp; &nbsp; &nbsp; &nbsp; &nbsp; &nbsp;keine Geb\u00fchr, ohne Zeitmessung <br>&nbsp; &nbsp; &nbsp; &nbsp; &nbsp; &nbsp; &nbsp; &nbsp; &nbsp; &nbsp; &nbsp; &nbsp; &nbsp; &nbsp; &nbsp; &nbsp; &nbsp; &nbsp; &nbsp; &nbsp; &nbsp; (360m; Start am Marktplatz)<br>1 km Kinderlauf: &nbsp; &nbsp; &nbsp; &nbsp; &nbsp; &nbsp; &nbsp;3,- \u20ac&nbsp;<br>5km Jogging Lauf : &nbsp; &nbsp; &nbsp; &nbsp;8,- \u20ac &nbsp;&nbsp;<br>10 km Lauf: &nbsp; &nbsp; &nbsp; &nbsp; &nbsp; &nbsp; &nbsp; &nbsp; &nbsp; &nbsp; 10,- \u20ac<br>Nachmeldegeb\u00fchr: &nbsp; &nbsp; &nbsp; 2\u20ac<\/p>\n<p>darin enthalten:&nbsp; &nbsp; &nbsp; &nbsp; &nbsp; &nbsp; &nbsp; &nbsp; &nbsp;<br>Getr\u00e4nke an der Strecke und im&nbsp; Zielbereich, Urkunde, Finisher-Medaille,&nbsp;<br>U8 bis U18 Pokale 1. bis 3. Platz, Siegerpokale in den AK bei 10 KM,<br>5km offener Lauf &gt; Pokale bis einschl U18 1. bis 3. Platz, dann Sieger weiblich, m\u00e4nnlich 1. bis 3. Platz<\/p>\n<p>&nbsp;<\/p>\n<p style=\"padding-left: 30px;\">Alle Informationen zur Anmeldung findet ihr bei Laufmanager.net<br><em>Der Betrag f\u00fcr den 1km-Kinderlauf kann auch bei Abholung der Laufnummer gezahlt werden. Bitte aber vorab anmelden &nbsp;\ud83d\ude42 bei Listen bitte Name, Geburts-Datum und Geschlecht<\/em><\/p>\n<p><span style=\"color: #0000ff;\">Bambinilauf 2026<\/span>&#8211; &nbsp;es geht um den Spa\u00df am Laufen &#8211; Zeiten werden nicht gemessen! Im Ziel gibt es eine Medaille sowie eine kleine \u00dcberraschung.<br>Danke!<\/p>\n<p>Mit Abgabe der Anmeldung akzeptiert ihr die&nbsp;<a href=\"https:\/\/www.gtv-grossenmeer.de\/wp-content\/uploads\/2026\/01\/Ausschreibung-20-06-26SL-.pages-2.pdf\"><strong>Ausschreibung<\/strong><\/a> zur Laufveranstaltung 2026.<\/p>\n<p><em><strong>Mit meiner Anmeldung erkenne ich ausdr\u00fccklich die Satzungen und Ordnungen des DLV, insbesondere die Deutsche Leichtathletik-Ordnung (DLO), den DLV-Anti-Doping-Code (DLV-ADC) und die Internationalen Wettkampfregeln (IWR) an und unterwerfe mich den entsprechenden Bestimmungen.<\/strong><\/em><\/p>\n<p class=\"p1\"><span class=\"s1\"><b>Mit der erfolgten Anmeldung willigt der Teilnehmer in die Verwendung der personenbezogenen Daten ein! <a href=\"https:\/\/www.gtv-grossenmeer.de\/wp-content\/uploads\/2019\/01\/Datenschutz-SaLauf.pdf\">Hier klicken!<\/a><\/b><\/span><\/p>\n\n\n<p><\/p>\n","protected":false},"excerpt":{"rendered":"<p>&nbsp; Samstagslauf&nbsp;Gro\u00dfenmeer 20.Juni 2026 Liebe Sportfreunde, Wir starten in diesem Jahr mit einem ver\u00e4nderten Termin und einer neuen Luforganisation \u00fcber Laufmanager.net und freuen uns, euch in ansonsten bew\u00e4hrter Manier bei unserem &#8222;laufen- und-schnacken&#8220; Event begr\u00fc\u00dfen zu k\u00f6nnen. Besonders \u00fcber Kinder und Jugendliche freuen wir uns sehr! Ihr wollt sowieso mit &#8222;laufen&#8220; anfangen? Gro\u00dfenmeer ist der [&hellip;]<\/p>\n","protected":false},"author":1,"featured_media":0,"parent":7322,"menu_order":1,"comment_status":"closed","ping_status":"closed","template":"","meta":{"ngg_post_thumbnail":0,"footnotes":""},"_links":{"self":[{"href":"https:\/\/www.gtv-grossenmeer.de\/wordpress\/wp-json\/wp\/v2\/pages\/1135"}],"collection":[{"href":"https:\/\/www.gtv-grossenmeer.de\/wordpress\/wp-json\/wp\/v2\/pages"}],"about":[{"href":"https:\/\/www.gtv-grossenmeer.de\/wordpress\/wp-json\/wp\/v2\/types\/page"}],"author":[{"embeddable":true,"href":"https:\/\/www.gtv-grossenmeer.de\/wordpress\/wp-json\/wp\/v2\/users\/1"}],"replies":[{"embeddable":true,"href":"https:\/\/www.gtv-grossenmeer.de\/wordpress\/wp-json\/wp\/v2\/comments?post=1135"}],"version-history":[{"count":111,"href":"https:\/\/www.gtv-grossenmeer.de\/wordpress\/wp-json\/wp\/v2\/pages\/1135\/revisions"}],"predecessor-version":[{"id":7359,"href":"https:\/\/www.gtv-grossenmeer.de\/wordpress\/wp-json\/wp\/v2\/pages\/1135\/revisions\/7359"}],"up":[{"embeddable":true,"href":"https:\/\/www.gtv-grossenmeer.de\/wordpress\/wp-json\/wp\/v2\/pages\/7322"}],"wp:attachment":[{"href":"https:\/\/www.gtv-grossenmeer.de\/wordpress\/wp-json\/wp\/v2\/media?parent=1135"}],"curies":[{"name":"wp","href":"https:\/\/api.w.org\/{rel}","templated":true}]}}