{"id":16,"date":"2014-03-03T23:21:17","date_gmt":"2014-03-03T23:21:17","guid":{"rendered":"http:\/\/www.gtv-grossenmeer.de\/wordpress\/?page_id=16"},"modified":"2023-01-31T22:36:45","modified_gmt":"2023-01-31T21:36:45","slug":"formulare","status":"publish","type":"page","link":"https:\/\/www.gtv-grossenmeer.de\/wordpress\/formulare\/","title":{"rendered":"Formulare"},"content":{"rendered":"<p>&nbsp;<\/p>\n<p>Hier findet ihr Formulare zum Verwalten eurer Mitgliedschaft;<\/p>\n<p>Wir freuen uns \u00fcber die Unterst\u00fctzung des Gro\u00dfenmeerer Turnvereins und begr\u00fc\u00dfen euch als Mitglieder -aktiv wie passiv- herzlich!<\/p>\n<p>Die Formulare bitte in den Briefkasten in der Turnhalle oder an:<\/p>\n<p>Bettina Allmers<br \/>\nSchwarzer Weg 12<br \/>\n26939 Ovelg\u00f6nne<\/p>\n<p><a href=\"https:\/\/www.gtv-grossenmeer.de\/wp-content\/uploads\/2021\/06\/Beitrittserkl\u00e4rung-GTV2021.pdf\">Beitrittserkl\u00e4rung GTV<\/a><\/p>\n<p>Adresse, Bankverbindung, Sparte hat sich ge\u00e4ndert:<\/p>\n<p><a href=\"https:\/\/www.gtv-grossenmeer.de\/wp-content\/uploads\/2021\/06\/Antrag-\u00c4nderung-der-Daten21.pdf\">Antrag \u00c4nderung der Daten<\/a><\/p>\n<p>Wof\u00fcr ihr das ben\u00f6tigt&#8230; \ud83d\ude09 ?;&nbsp;<\/p>\n<p><a href=\"https:\/\/www.gtv-grossenmeer.de\/wp-content\/uploads\/2021\/06\/K\u00fcndigungsformular-GTV21.pdf\">K\u00fcndigungsformular GTV<\/a><\/p>\n<p>ansonsten: Abmeldungen vom Verein oder auch von einzelnen Sparten mit Zusatzbeitrag bitte &nbsp;schriftlich (postalisch) an&nbsp;<\/p>\n<p class=\"p1\"><span class=\"s1\">Bettina Allmers<br \/>\nSchwarzer Weg 12<br \/>\n<\/span><span class=\"s1\">26939 Gro\u00dfenmeer<\/span><\/p>\n<p>oder die ausgef\u00fcllte K\u00fcndigung als scan an info(@)dtv-grossenmeer.de<\/p>\n<p>Danke<\/p>\n","protected":false},"excerpt":{"rendered":"<p>&nbsp; Hier findet ihr Formulare zum Verwalten eurer Mitgliedschaft; Wir freuen uns \u00fcber die Unterst\u00fctzung des Gro\u00dfenmeerer Turnvereins und begr\u00fc\u00dfen euch als Mitglieder -aktiv wie passiv- herzlich! Die Formulare bitte in den Briefkasten in der Turnhalle oder an: Bettina Allmers Schwarzer Weg 12 26939 Ovelg\u00f6nne Beitrittserkl\u00e4rung GTV Adresse, Bankverbindung, Sparte hat sich ge\u00e4ndert: Antrag \u00c4nderung [&hellip;]<\/p>\n","protected":false},"author":1,"featured_media":0,"parent":0,"menu_order":5,"comment_status":"closed","ping_status":"closed","template":"","meta":{"ngg_post_thumbnail":0,"footnotes":""},"_links":{"self":[{"href":"https:\/\/www.gtv-grossenmeer.de\/wordpress\/wp-json\/wp\/v2\/pages\/16"}],"collection":[{"href":"https:\/\/www.gtv-grossenmeer.de\/wordpress\/wp-json\/wp\/v2\/pages"}],"about":[{"href":"https:\/\/www.gtv-grossenmeer.de\/wordpress\/wp-json\/wp\/v2\/types\/page"}],"author":[{"embeddable":true,"href":"https:\/\/www.gtv-grossenmeer.de\/wordpress\/wp-json\/wp\/v2\/users\/1"}],"replies":[{"embeddable":true,"href":"https:\/\/www.gtv-grossenmeer.de\/wordpress\/wp-json\/wp\/v2\/comments?post=16"}],"version-history":[{"count":24,"href":"https:\/\/www.gtv-grossenmeer.de\/wordpress\/wp-json\/wp\/v2\/pages\/16\/revisions"}],"predecessor-version":[{"id":5899,"href":"https:\/\/www.gtv-grossenmeer.de\/wordpress\/wp-json\/wp\/v2\/pages\/16\/revisions\/5899"}],"wp:attachment":[{"href":"https:\/\/www.gtv-grossenmeer.de\/wordpress\/wp-json\/wp\/v2\/media?parent=16"}],"curies":[{"name":"wp","href":"https:\/\/api.w.org\/{rel}","templated":true}]}}