{"id":18,"date":"2014-03-03T23:21:37","date_gmt":"2014-03-03T23:21:37","guid":{"rendered":"http:\/\/www.gtv-grossenmeer.de\/wordpress\/?page_id=18"},"modified":"2025-02-06T23:04:00","modified_gmt":"2025-02-06T22:04:00","slug":"vereinsgeschichte","status":"publish","type":"page","link":"https:\/\/www.gtv-grossenmeer.de\/wordpress\/der-vorstand-des-gtv\/vereinsgeschichte\/","title":{"rendered":"Vereinsgeschichte"},"content":{"rendered":"<p align=\"JUSTIFY\"><span style=\"color: #000000;\"><span style=\"font-family: Arial, Helvetica, sans-serif;\"><span style=\"font-size: small;\"><span style=\"font-family: Verdana, sans-serif;\">Der Gro\u00dfenmeerer Turnverein (GTV) wurde 1921 von Reinhard von Th\u00fclen, August Wedemeyer und dem Lehrer Vogelsang gegr\u00fcndet. Die ersten Sportler trieben im Sommer Leichtathletik auf den heute bebauten Wiesen vor Scheeljes Gasthof. Im Herbst und Winter wurde im Saal von Scheeljes Gasthof an Ger\u00e4ten geturnt. Um 1926 wurde eine Frauenabteilung gegr\u00fcndet, die neben Ger\u00e4te- und Bodenturnen sich auch Gymnastik (damals Leibes\u00fcbungen) \u00fcbten und V\u00f6lkerball spielten. Neben Leichtathletik und Turnen wurde damals Schleuderball und Schlagball sowie regelm\u00e4\u00dfiges Lauftraining auf einem Rundkurs im Ort angeboten. Auf den Gro\u00dfenmeerer Sommerfesten und dem Verbandsturnfest, das 1928 in Gro\u00dfenmeer ausgerichtet wurde, wurden Turn\u00fcbungen vorgef\u00fchrt.<\/span><\/span><\/span><\/span><\/p>\n<p style=\"text-align: center;\" align=\"JUSTIFY\"><span style=\"color: #000000;\"><img loading=\"lazy\" decoding=\"async\" class=\"aligncenter\" style=\"border: 0px initial initial;\" src=\"http:\/\/www.gtv-grossenmeer.de\/verein\/lauf.JPG\" alt=\"\" width=\"463\" height=\"277\" name=\"Grafik1\" align=\"BOTTOM\" border=\"0\"><\/span><\/p>\n<p><span style=\"font-family: Verdana, sans-serif;\">Der Vereinsexistenz war w\u00e4hrend der Nazi- und Kriegszeit unterbrochen. Der Verein wurde zwar 1933 nicht aufgel\u00f6st, aber die von den neuen Machthabern gew\u00fcnschte vormilit\u00e4rische Ausbildung wurde abgelehnt und die Sportler gingen einfach nicht mehr hin.<\/span><\/p>\n<p align=\"JUSTIFY\"><span style=\"color: #000000;\"><span style=\"font-family: Arial, Helvetica, sans-serif;\"><span style=\"font-size: small;\"><span style=\"font-family: Verdana, sans-serif;\">Im Herbst 1946 wurde der Verein zun\u00e4chst unter dem Namen Sportverein Gro\u00dfenmeer (SVG) mit dem Vorsitzenden Friedrich Th\u00fcmler neu gegr\u00fcndet. Zu dem bekannten Sportangebot wurde das Klootschie\u00dfen und Volkstanz mit aufgenommen. Geturnt wurde nun im Saal von Emil Ripkens Gastst\u00e4tte, in dem heute die Dr. Cornelius-Modelleisenbahn steht.<\/span><\/span><\/span><\/span><\/p>\n<p align=\"JUSTIFY\"><span style=\"color: #000000;\"><span style=\"font-family: Arial, Helvetica, sans-serif;\"><span style=\"font-size: small;\"><span style=\"font-family: Verdana, sans-serif;\">Ein Jahr sp\u00e4ter wurde Hans-Friedrich Bunnemann zum neuen Vorsitzenden gew\u00e4hlt. Vergleichsspiele im Schleuderball und Feldhandball und von den Frauen im Korbball wurden regelm\u00e4\u00dfig mit den Mannschaften aus den Nachbarorten ausgetragen.<\/span><\/span><\/span><\/span><\/p>\n<p align=\"JUSTIFY\"><span style=\"color: #000000;\"><span style=\"font-family: Arial, Helvetica, sans-serif;\"><span style=\"font-size: small;\"><span style=\"font-family: Verdana, sans-serif;\">Im Januar 1949 wurde in die Vereinssatzung die F\u00f6rderung der Kulturarbeit, der gesunden Lebensbejahung und der Erziehung im Interesse des Weltfriedens aufgenommen. Der Sport wurde das Freizeitleben der Nachkriegszeit in Gro\u00dfenmeer. Auf Wunsch mehrerer Gro\u00dfenmeerer Neub\u00fcrger wurde 1950 in der Jahreshauptversammlung die Fu\u00dfballabteilung gegr\u00fcndet.<\/span><\/span><\/span><\/span><\/p>\n<p align=\"JUSTIFY\"><span style=\"color: #000000;\"><span style=\"font-family: Arial, Helvetica, sans-serif;\"><span style=\"font-size: small;\"><span style=\"font-family: Verdana, sans-serif;\">Am 20. M\u00e4rz 1953 wurde der SVG in Gro\u00dfenmeerer Turnverein von 1921 e.V. umbenannt. 1954 wurde eine Tischtennisabteilung gegr\u00fcndet, die allerdings nicht lange Bestand hatte. Der Sportplatz am Kuhler Weg musste regelm\u00e4\u00dfig drainiert werden.<\/span><\/span><\/span><\/span><\/p>\n<p align=\"JUSTIFY\"><span style=\"color: #000000;\"><span style=\"font-family: Verdana, sans-serif;\"><span style=\"font-size: small;\">Fu\u00dfball, Schleuderball und Bo\u00dfeln waren die wichtigsten Sportarten in den sp\u00e4ten 50-er und 60-er Jahren. 1964 trat Hans-Friedrich Bunnemann als Vorsitzender ab und \u00fcbergab sein Amt dem Lehrer Hans Menke. Den n\u00e4chsten gr\u00f6\u00dferen Wechsel gab es 1975, als Karl-Ernst Ripken zum neuen 1. Vorsitzenden gew\u00e4hlt wurde. 1979 wurde die Gro\u00dfenmeerer Sporthalle fertig gestellt. Damit wurden die Voraussetzungen f\u00fcr neue Sportarten und neue \u00dcbungsgruppe geschaffen.<\/span><\/span><\/span><\/p>\n<p style=\"text-align: center;\" align=\"JUSTIFY\"><span style=\"color: #000000;\"><img loading=\"lazy\" decoding=\"async\" class=\"aligncenter\" style=\"border: 0px initial initial;\" src=\"http:\/\/www.gtv-grossenmeer.de\/verein\/halle.JPG\" alt=\"\" width=\"458\" height=\"344\" name=\"Grafik2\" align=\"BOTTOM\" border=\"0\"><\/span><\/p>\n<p align=\"JUSTIFY\"><span style=\"color: #000000;\"><span style=\"font-family: Verdana, sans-serif;\"><span style=\"font-size: small;\">1989 wurde Johann Schn\u00f6rwangen GTV-Vorsitzender und 1991 wurde Hajo Timmermann zu seinem Nachfolger gew\u00e4hlt, der dieses Amt bis 2008 hatte. 2008 wurde ein neuer Vorstand mit dem Vorsitzenden Thorsten Schmidt gew\u00e4hlt. Inzwischen geh\u00f6ren dem GTV mehr als 400 Mitglieder an.<br \/>\nAb 2014 hatte Wilfried M\u00fcller das Amt des 1. Vorsitzenden inne. Die Satzung des Vereins wurde aktualisiert und der Vorstand auf drei Personen verringert. Die Aufgabe des Schriftf\u00fchrers hat sich in Zeiten des E-Mail Verkehrs \u00fcberholt; die Protokollf\u00fchrer werden jeweils auf der Versammlung bestimmt. Im Rahmen der &#8222;Sportentwicklung Mittlere Wesermarsch&#8220; beteiligt sich der GTV an der Gr\u00fcndung einer Kooperation der Vereine in Ovelg\u00f6nne und Jade.(Sportverbund Ovelg\u00f6nne-Jade) Ziel ist eine Erleichterung f\u00fcr die Einwohner der Fl\u00e4chengemeinde in den unterschiedlichen Vereinen ihren pers\u00f6nlich bevorzugten Sport treiben zu k\u00f6nnen. (Jan 2017) Im August 2024 \u00fcbergibt Wilfried M\u00fcller den Vorsitz an Kathrin Kleen, die den Verein als erste Frau in der Vereinsgeschichte leitet. 2. Vorsitzende wird Hannah Fischer. Die Geschichtsschreibung ist hier ein wenig Vorsitz-lastig. Wie bei vielen anderen Vereinen sind wichtige Frauen tragend in anderen Vorstandsfunktionen und vor allem in der ehrenamtlichen sportlichen Vereinsarbeit. Zu nennen sind hier Ingrid Schn\u00f6rwangen, Gerda Ahlers, Renate Eicken als langj\u00e4hrige Turn-\u00dcbungsleiterin, Marga Ennen oder Daria T\u00f6llner, die entscheidend den Charakter des Vereins gepr\u00e4gt haben.<br \/>\nMit der Sanierung der Sporthalle 2024 und dem neuen Anbau mit weiteren Umkleiden und einem Multifunktions-Raum ist der Sportverein jetzt auch in der Infrastruktur neu und gut aufgestellt. F\u00fcr 2025 ist der Umbau und die Modernisierung des Sportplatzes geplant.<\/span><\/span><\/span><\/p>\n<div><span style=\"color: #000000;\"><span style=\"font-family: Verdana, sans-serif;\"><span style=\"font-size: small;\">&nbsp;<\/span><\/span><\/span><\/div>\n","protected":false},"excerpt":{"rendered":"<p>Der Gro\u00dfenmeerer Turnverein (GTV) wurde 1921 von Reinhard von Th\u00fclen, August Wedemeyer und dem Lehrer Vogelsang gegr\u00fcndet. Die ersten Sportler trieben im Sommer Leichtathletik auf den heute bebauten Wiesen vor Scheeljes Gasthof. Im Herbst und Winter wurde im Saal von Scheeljes Gasthof an Ger\u00e4ten geturnt. Um 1926 wurde eine Frauenabteilung gegr\u00fcndet, die neben Ger\u00e4te- und [&hellip;]<\/p>\n","protected":false},"author":1,"featured_media":0,"parent":4981,"menu_order":2,"comment_status":"closed","ping_status":"closed","template":"","meta":{"ngg_post_thumbnail":0,"footnotes":""},"_links":{"self":[{"href":"https:\/\/www.gtv-grossenmeer.de\/wordpress\/wp-json\/wp\/v2\/pages\/18"}],"collection":[{"href":"https:\/\/www.gtv-grossenmeer.de\/wordpress\/wp-json\/wp\/v2\/pages"}],"about":[{"href":"https:\/\/www.gtv-grossenmeer.de\/wordpress\/wp-json\/wp\/v2\/types\/page"}],"author":[{"embeddable":true,"href":"https:\/\/www.gtv-grossenmeer.de\/wordpress\/wp-json\/wp\/v2\/users\/1"}],"replies":[{"embeddable":true,"href":"https:\/\/www.gtv-grossenmeer.de\/wordpress\/wp-json\/wp\/v2\/comments?post=18"}],"version-history":[{"count":10,"href":"https:\/\/www.gtv-grossenmeer.de\/wordpress\/wp-json\/wp\/v2\/pages\/18\/revisions"}],"predecessor-version":[{"id":7058,"href":"https:\/\/www.gtv-grossenmeer.de\/wordpress\/wp-json\/wp\/v2\/pages\/18\/revisions\/7058"}],"up":[{"embeddable":true,"href":"https:\/\/www.gtv-grossenmeer.de\/wordpress\/wp-json\/wp\/v2\/pages\/4981"}],"wp:attachment":[{"href":"https:\/\/www.gtv-grossenmeer.de\/wordpress\/wp-json\/wp\/v2\/media?parent=18"}],"curies":[{"name":"wp","href":"https:\/\/api.w.org\/{rel}","templated":true}]}}