{"id":183,"date":"2014-03-25T08:30:10","date_gmt":"2014-03-25T08:30:10","guid":{"rendered":"http:\/\/www.gtv-grossenmeer.de\/wordpress\/?page_id=183"},"modified":"2026-03-31T21:44:20","modified_gmt":"2026-03-31T20:44:20","slug":"leichtathletik","status":"publish","type":"page","link":"https:\/\/www.gtv-grossenmeer.de\/wordpress\/sportangebote\/leichtathletik\/","title":{"rendered":"Sportabzeichen"},"content":{"rendered":"<p>Ein wesentlicher Bestandteil eines Sportvereins ist die Leichtathletikabteilung. Dies gilt auch f\u00fcr den GTV in Gro\u00dfenmeer.<br \/>\nJedes Jahr erringen in Gro\u00dfenmeer Kinder, Jugendliche und Erwachsene das Sportabzeichen.<\/p>\n<p><strong><em><span style=\"color: #000000;\"><span style=\"font-family: Verdana, sans-serif;\">Trainingszeit<br \/>\n<\/span><\/span><\/em><\/strong><\/p>\n<p>Die <strong>Sportabzeichen-Saison 2026<\/strong><strong><span style=\"color: #000000;\"><span style=\"font-family: Verdana, sans-serif;\"><span style=\"font-size: small;\">&nbsp;f\u00fcr&nbsp;<\/span><\/span><\/span><\/strong><strong><span style=\"color: #000000;\"><span style=\"font-family: Verdana, sans-serif;\"><span style=\"font-size: small;\">Kinder\/Jugendliche ab 11 Jahre und Erwachsene startet am 7.5.2026<\/span><\/span><\/span><\/strong><\/p>\n<p>&nbsp;<\/p>\n<p>Trainingstermine sind immer Donnerstags, 19 Uhr Sporthalle Gro\u00dfenmeeer.&nbsp;<\/p>\n<p>&nbsp;<\/p>\n<p><a href=\"https:\/\/www.gtv-grossenmeer.de\/wp-content\/uploads\/2026\/03\/448b95da-5e9a-47c4-8da0-c4f2bd26ba32.jpg\"><img loading=\"lazy\" decoding=\"async\" class=\"aligncenter size-full wp-image-7390\" src=\"https:\/\/www.gtv-grossenmeer.de\/wp-content\/uploads\/2026\/03\/448b95da-5e9a-47c4-8da0-c4f2bd26ba32.jpg\" alt=\"\" width=\"1754\" height=\"1240\" srcset=\"https:\/\/www.gtv-grossenmeer.de\/wp-content\/uploads\/2026\/03\/448b95da-5e9a-47c4-8da0-c4f2bd26ba32.jpg 1754w, https:\/\/www.gtv-grossenmeer.de\/wp-content\/uploads\/2026\/03\/448b95da-5e9a-47c4-8da0-c4f2bd26ba32-300x212.jpg 300w, https:\/\/www.gtv-grossenmeer.de\/wp-content\/uploads\/2026\/03\/448b95da-5e9a-47c4-8da0-c4f2bd26ba32-1024x724.jpg 1024w, https:\/\/www.gtv-grossenmeer.de\/wp-content\/uploads\/2026\/03\/448b95da-5e9a-47c4-8da0-c4f2bd26ba32-768x543.jpg 768w, https:\/\/www.gtv-grossenmeer.de\/wp-content\/uploads\/2026\/03\/448b95da-5e9a-47c4-8da0-c4f2bd26ba32-1536x1086.jpg 1536w\" sizes=\"(max-width: 1754px) 100vw, 1754px\" \/><\/a><\/p>\n<p style=\"text-align: center;\"><span style=\"color: #0000ff;\"><strong><span style=\"font-family: Verdana, sans-serif;\"><span style=\"font-size: small;\">Ansprechpartner: Timo Engelbart und Jutta Rekowski<\/span><\/span><\/strong><\/span><br \/>\n<span style=\"color: #0000ff;\"><strong><span style=\"font-family: Verdana, sans-serif;\"><span style=\"font-size: small;\">Tel: 0160-96238487 oder 0160-7177070<\/span><\/span><\/strong><\/span><\/p>\n<h3><strong><span style=\"color: #000000;\"><span style=\"font-family: Verdana, sans-serif;\"><span style=\"font-size: small;\">Die Anforderungen des DOSB 2025 f\u00fc<\/span><\/span><\/span><span style=\"color: #000000;\"><span style=\"font-family: Verdana, sans-serif;\"><span style=\"font-size: small;\">r <a href=\"https:\/\/www.gtv-grossenmeer.de\/wp-content\/uploads\/2025\/04\/DSA_Leistungsuebersicht_Erwachsene_A4_2025_web_SCREEN-1.pdf\">&gt; Frauen und M\u00e4nner ab 18 Jahre&nbsp;<\/a><\/span><\/span><\/span><\/strong><\/h3>\n<p><strong>Die Anforderungen des DOSB f\u00fcr <a href=\"https:\/\/www.gtv-grossenmeer.de\/wp-content\/uploads\/2025\/04\/DSA_Leistungsuebersicht_KiJu_A4_2023.pdf\">&gt; Kinder und Jugendliche &nbsp;6 bis 17 Jahre<\/a><\/strong><\/p>\n<p>&nbsp;<\/p>\n<div>&nbsp;<\/div>\n<p>&nbsp;<\/p>\n<p>&nbsp;<\/p>\n","protected":false},"excerpt":{"rendered":"<p>Ein wesentlicher Bestandteil eines Sportvereins ist die Leichtathletikabteilung. Dies gilt auch f\u00fcr den GTV in Gro\u00dfenmeer. Jedes Jahr erringen in Gro\u00dfenmeer Kinder, Jugendliche und Erwachsene das Sportabzeichen. Trainingszeit Die Sportabzeichen-Saison 2026&nbsp;f\u00fcr&nbsp;Kinder\/Jugendliche ab 11 Jahre und Erwachsene startet am 7.5.2026 &nbsp; Trainingstermine sind immer Donnerstags, 19 Uhr Sporthalle Gro\u00dfenmeeer.&nbsp; &nbsp; Ansprechpartner: Timo Engelbart und Jutta Rekowski [&hellip;]<\/p>\n","protected":false},"author":1,"featured_media":0,"parent":9,"menu_order":0,"comment_status":"closed","ping_status":"closed","template":"","meta":{"ngg_post_thumbnail":0,"footnotes":""},"_links":{"self":[{"href":"https:\/\/www.gtv-grossenmeer.de\/wordpress\/wp-json\/wp\/v2\/pages\/183"}],"collection":[{"href":"https:\/\/www.gtv-grossenmeer.de\/wordpress\/wp-json\/wp\/v2\/pages"}],"about":[{"href":"https:\/\/www.gtv-grossenmeer.de\/wordpress\/wp-json\/wp\/v2\/types\/page"}],"author":[{"embeddable":true,"href":"https:\/\/www.gtv-grossenmeer.de\/wordpress\/wp-json\/wp\/v2\/users\/1"}],"replies":[{"embeddable":true,"href":"https:\/\/www.gtv-grossenmeer.de\/wordpress\/wp-json\/wp\/v2\/comments?post=183"}],"version-history":[{"count":21,"href":"https:\/\/www.gtv-grossenmeer.de\/wordpress\/wp-json\/wp\/v2\/pages\/183\/revisions"}],"predecessor-version":[{"id":7394,"href":"https:\/\/www.gtv-grossenmeer.de\/wordpress\/wp-json\/wp\/v2\/pages\/183\/revisions\/7394"}],"up":[{"embeddable":true,"href":"https:\/\/www.gtv-grossenmeer.de\/wordpress\/wp-json\/wp\/v2\/pages\/9"}],"wp:attachment":[{"href":"https:\/\/www.gtv-grossenmeer.de\/wordpress\/wp-json\/wp\/v2\/media?parent=183"}],"curies":[{"name":"wp","href":"https:\/\/api.w.org\/{rel}","templated":true}]}}