{"id":3195,"date":"2019-01-04T15:03:19","date_gmt":"2019-01-04T14:03:19","guid":{"rendered":"http:\/\/www.gtv-grossenmeer.de\/wordpress\/?page_id=3195"},"modified":"2025-01-02T00:16:20","modified_gmt":"2025-01-01T23:16:20","slug":"samstagslauf","status":"publish","type":"page","link":"https:\/\/www.gtv-grossenmeer.de\/wordpress\/samstagslauf-14-juni-2025\/ergebnisse-samstagslauf-2024\/samstagslauf\/","title":{"rendered":"Samstagslauf 2023"},"content":{"rendered":"\n<h5 class=\"wp-block-heading\"> Samstagslauf Gro\u00dfenmeer am 10.06.2023<\/h5>\n\n\n\n<p>Hier findet ihr jetzt die Bilder<br><a href=\"http:\/\/www.gtv-grossenmeer.de\/wordpress\/bwg_gallery\/samstagslauf-2023-10km\/?bwg-preview-type=thumbnails\">Samstagslauf 2023 &gt; 10 km<\/a> <br><a href=\"http:\/\/www.gtv-grossenmeer.de\/wordpress\/bwg_gallery\/samstagslauf-2023-5km\/?bwg-preview-type=thumbnails\">Samstagslauf 2023 &gt;  5 km<\/a><br><a href=\"http:\/\/www.gtv-grossenmeer.de\/wordpress\/bwg_gallery\/samstagslauf-2023-kinderlauf\/?bwg-preview-type=thumbnails\">Samstagslauf 2023 Kinderlauf<\/a><\/p>\n\n\n\n<p>(Alle Fotos von Saskia Butt \/ Sch\u00fclerfirma Brainstorm KGS Rastede)<br><\/p>\n\n\n\n<p>Die Ergebnislisten zum Samstagslauf findet ihr unter dem Men\u00fc-Punkt <a href=\"http:\/\/www.gtv-grossenmeer.de\/wordpress\/\">Aktuelles!<\/a><\/p>\n\n\n\n<p>Es geht weiter  \ud83c\udfc3\ud83c\udffb\u200d\u2640\ufe0f\ud83c\udfc3\ud83c\udffd\u200d\u2642\ufe0f<\/p>\n\n\n\n<p>Liebe Sportler:innen, nach dem erfolgreichen &#8222;re-start&#8220; im letzten Jahr, wird es auch in diesem Jahr wieder einen Samstagslauf geben. Im Prinzip sind ab sofort Anmeldungen m\u00f6glich: Also? Was h\u00e4lt euch zur\u00fcck? Wir freuen uns \u00fcber zeitige R\u00fcckmeldungen, dass ihr wieder dabei seid oder uns kennen lernen wollt!<br><\/p>\n\n\n\n<p>Der Vorstand des GTV\/ Das Orga-Team<br>Wir freuen uns total auf euch!!<\/p>\n\n\n\n<p><\/p>\n\n\n\n<p><\/p>\n\n\n\n<figure class=\"wp-block-image is-resized\"><img loading=\"lazy\" decoding=\"async\" src=\"http:\/\/www.gtv-grossenmeer.de\/wordpress\/wp-content\/uploads\/2020\/01\/samstagslauf-gro\u00dfenmeer-413_web.jpg\" alt=\"\" class=\"wp-image-4806\" width=\"580\" height=\"386\" srcset=\"https:\/\/www.gtv-grossenmeer.de\/wp-content\/uploads\/2020\/01\/samstagslauf-gro\u00dfenmeer-413_web.jpg 960w, https:\/\/www.gtv-grossenmeer.de\/wp-content\/uploads\/2020\/01\/samstagslauf-gro\u00dfenmeer-413_web-300x200.jpg 300w, https:\/\/www.gtv-grossenmeer.de\/wp-content\/uploads\/2020\/01\/samstagslauf-gro\u00dfenmeer-413_web-768x512.jpg 768w\" sizes=\"(max-width: 580px) 100vw, 580px\" \/><figcaption>Start 10 km <\/figcaption><\/figure>\n\n\n\n<p class=\"has-text-color has-vivid-green-cyan-color\"><\/p>\n\n\n\n<p>11:45 Uhr       Er\u00f6ffnung mit Bambini-Lauf (2018 und J\u00fcnger) (360m) <br><strong>12:00 Uhr &nbsp; &nbsp; &#8211; 1-km Lauf Kinder (Jahrgang 2012 &#8211; 2017)<\/strong><br><em>gewertet&nbsp;werden&nbsp;die&nbsp;Altersklassen&nbsp;U8,&nbsp;U10&nbsp;und&nbsp;U12&nbsp;jeweils&nbsp;m\/w<\/em><br><strong>13:30 Uhr &nbsp; &nbsp; &#8211; 5-km Jogginglauf&nbsp;<\/strong>(vermessene&nbsp;Strecke) <strong>ab Jg 2013<\/strong><br><strong>15:00 Uhr &nbsp; &nbsp; &#8211; 10-km Lauf <\/strong>(vermessene Strecke) <strong>ab Jg 2009<\/strong><\/p>\n\n\n\n<p><br><strong>die aktuellen Altersklassen 2023<\/strong> <a href=\"https:\/\/www.gtv-grossenmeer.de\/wp-content\/uploads\/2023\/01\/Altersklassen-2023.pages.pdf\">findet ihr hier.&nbsp;<\/a><\/p>\n\n\n\n<p>ca 12:45 Uhr &nbsp; &nbsp;Siegerehrung Kinderlauf<br>ca 14:30 Uhr &nbsp;  Siegerehrung 5km &nbsp;<br>ca 16:30 Uhr    Siegerehrung 10 Km<br> <\/p>\n\n\n\n<p>Im&nbsp;&nbsp;Rahmenprogramm&nbsp;bieten wir euch das bekannte und beliebte&nbsp;Sportler-Cafe\u00b4  der Landfrauen, die Kletterwand der Sportjugend Wesermarsch, eine H\u00fcpfburg f\u00fcr die j\u00fcngsten und mal sehen, was sich noch ergibt \ud83d\ude09<\/p>\n\n\n\n<p>Auch in diesem Jahr gibt es Pokale und Urkunden zu gewinnen \ud83d\ude42<br>(Pokale in allen L\u00e4ufen bis U18 jeweils 1.-3. Platz m\/w, <br>Gesamtsieger 5km\/10 Km m\/w  (Pl\u00e4tze 1 &#8211; 3) und<br>Siegerpokale in den Altersklassen m\/w bei 10 km) <br>Der 5km- Lauf ist ein offener Lauf, hier gibt es eine Gesamtwertung \u00fcber alle Altersklassen,&nbsp; in der Urkunde ist nat\u00fcrlich der jeweilige Platz in der Altersklasse vermerkt!<\/p>\n\n\n\n<p>Finisher-Medaillen beim \ud83c\udfc3\ud83c\udffd\u200d\u2642\ufe0f \ud83c\udfc3\ud83c\udffb\u200d\u2640\ufe0f Zieleinlauf; <br>Urkunden bitte bei der Anmeldung abholen!<\/p>\n\n\n\n<p>&nbsp;Hier findet ihr die&nbsp; &nbsp;<strong>&gt;<\/strong>&nbsp;<strong>&nbsp;<a href=\"http:\/\/www.gtv-grossenmeer.de\/wordpress\/samstagslauf-2019\/anmeldung\/\">ANMELDUNG<\/a>&nbsp; &nbsp;&gt;&nbsp; &nbsp;<a href=\"https:\/\/www.gtv-grossenmeer.de\/wp-content\/uploads\/2023\/01\/Ausschreibung-10-06-23SL.pages.pdf\">Ausschreibung<\/a>&nbsp;&nbsp;&gt;&nbsp;<a rel=\"noreferrer noopener\" aria-label=\" (\u00f6ffnet in neuem Tab)\" href=\"http:\/\/www.gtv-grossenmeer.de\/wordpress\/samstagslauf-2019\/streckenverlaeufe\/\" target=\"_blank\">Streckenverl\u00e4ufe<\/a><\/strong><\/p>\n\n\n\n<p>F\u00fcr euer leibliches Wohl ist gesorgt, die Veranstaltung startet um 12:00 Uhr und um ca. 16:30 ist die Siegerehrung des 10-km Laufes geplant. Genaue Zeiten findet ihr dann in der Ausschreibung.<\/p>\n\n\n\n<p>Wir freuen uns auf euch!<\/p>\n\n\n\n<div class=\"wp-block-image\"><figure class=\"aligncenter\"><a href=\"http:\/\/www.gtv-grossenmeer.de\/wordpress\/wp-content\/uploads\/2017\/01\/Aktionsb\u00fcndnis.jpeg\"><img loading=\"lazy\" decoding=\"async\" width=\"610\" height=\"72\" src=\"http:\/\/www.gtv-grossenmeer.de\/wordpress\/wp-content\/uploads\/2017\/01\/Aktionsb\u00fcndnis.jpeg\" alt=\"Aktionsb\u00fcndnis\" class=\"wp-image-1992\" srcset=\"https:\/\/www.gtv-grossenmeer.de\/wp-content\/uploads\/2017\/01\/Aktionsb\u00fcndnis.jpeg 610w, https:\/\/www.gtv-grossenmeer.de\/wp-content\/uploads\/2017\/01\/Aktionsb\u00fcndnis-300x35.jpeg 300w, https:\/\/www.gtv-grossenmeer.de\/wp-content\/uploads\/2017\/01\/Aktionsb\u00fcndnis-604x72.jpeg 604w\" sizes=\"(max-width: 610px) 100vw, 610px\" \/><\/a><\/figure><\/div>\n\n\n\n<p style=\"color:#00a329\" class=\"has-text-color has-small-font-size\">(Aktionsb\u00fcndnis <em>alkoholfrei Sport betreiben<\/em>)<\/p>\n","protected":false},"excerpt":{"rendered":"<p>Samstagslauf Gro\u00dfenmeer am 10.06.2023 Hier findet ihr jetzt die BilderSamstagslauf 2023 &gt; 10 km Samstagslauf 2023 &gt; 5 kmSamstagslauf 2023 Kinderlauf (Alle Fotos von Saskia Butt \/ Sch\u00fclerfirma Brainstorm KGS Rastede) Die Ergebnislisten zum Samstagslauf findet ihr unter dem Men\u00fc-Punkt Aktuelles! Es geht weiter \ud83c\udfc3\ud83c\udffb\u200d\u2640\ufe0f\ud83c\udfc3\ud83c\udffd\u200d\u2642\ufe0f Liebe Sportler:innen, nach dem erfolgreichen &#8222;re-start&#8220; im letzten Jahr, wird [&hellip;]<\/p>\n","protected":false},"author":1,"featured_media":0,"parent":6354,"menu_order":5,"comment_status":"closed","ping_status":"closed","template":"","meta":{"ngg_post_thumbnail":0,"footnotes":""},"_links":{"self":[{"href":"https:\/\/www.gtv-grossenmeer.de\/wordpress\/wp-json\/wp\/v2\/pages\/3195"}],"collection":[{"href":"https:\/\/www.gtv-grossenmeer.de\/wordpress\/wp-json\/wp\/v2\/pages"}],"about":[{"href":"https:\/\/www.gtv-grossenmeer.de\/wordpress\/wp-json\/wp\/v2\/types\/page"}],"author":[{"embeddable":true,"href":"https:\/\/www.gtv-grossenmeer.de\/wordpress\/wp-json\/wp\/v2\/users\/1"}],"replies":[{"embeddable":true,"href":"https:\/\/www.gtv-grossenmeer.de\/wordpress\/wp-json\/wp\/v2\/comments?post=3195"}],"version-history":[{"count":50,"href":"https:\/\/www.gtv-grossenmeer.de\/wordpress\/wp-json\/wp\/v2\/pages\/3195\/revisions"}],"predecessor-version":[{"id":6067,"href":"https:\/\/www.gtv-grossenmeer.de\/wordpress\/wp-json\/wp\/v2\/pages\/3195\/revisions\/6067"}],"up":[{"embeddable":true,"href":"https:\/\/www.gtv-grossenmeer.de\/wordpress\/wp-json\/wp\/v2\/pages\/6354"}],"wp:attachment":[{"href":"https:\/\/www.gtv-grossenmeer.de\/wordpress\/wp-json\/wp\/v2\/media?parent=3195"}],"curies":[{"name":"wp","href":"https:\/\/api.w.org\/{rel}","templated":true}]}}