{"id":38,"date":"2014-03-03T23:30:16","date_gmt":"2014-03-03T23:30:16","guid":{"rendered":"http:\/\/www.gtv-grossenmeer.de\/wordpress\/?page_id=38"},"modified":"2025-10-21T19:23:17","modified_gmt":"2025-10-21T18:23:17","slug":"volleyball","status":"publish","type":"page","link":"https:\/\/www.gtv-grossenmeer.de\/wordpress\/sportangebote\/volleyball\/","title":{"rendered":"Volleyball"},"content":{"rendered":"<p><img loading=\"lazy\" decoding=\"async\" class=\"alignleft  wp-image-1025\" src=\"http:\/\/www.gtv-grossenmeer.de\/wordpress\/wp-content\/uploads\/2014\/03\/DSCN5669-225x300.jpg\" alt=\"DSCN5669\" width=\"197\" height=\"263\" srcset=\"https:\/\/www.gtv-grossenmeer.de\/wp-content\/uploads\/2014\/03\/DSCN5669-225x300.jpg 225w, https:\/\/www.gtv-grossenmeer.de\/wp-content\/uploads\/2014\/03\/DSCN5669.jpg 510w\" sizes=\"(max-width: 197px) 100vw, 197px\" \/>Die Mixed-Volleyballgruppe des Gro\u00dfenmeerer Turnvereins trainiert immer Sonntags ab 19:30 Uhr. In der Gruppe spielen erwachsene und jugendliche Frauen und M\u00e4nner. \u00dcber Verst\u00e4rkung w\u00fcrden die GTV-Volleyballer sich freuen.<\/p>\n<p>Wer Interesse hat, kann sich beim Trainer Hajo Timmermann, Telefon \u200a 0172\/1735701, informieren oder einfach sonntags ab 19.30 Uhr in die Gro\u00dfenmeerer Sporthalle kommen.<\/p>\n<p>&nbsp;<\/p>\n<p><b>Mixed-Volleyballgruppe<\/b><\/p>\n<p>Sonntags 19.30 bis 22 Uhr&nbsp;(Jgd. u. Erw.)&nbsp;<a href=\"http:\/\/www.gtv-grossenmeer.de\/wordpress\/wp-content\/uploads\/2014\/03\/2004bv20.jpg\"><img loading=\"lazy\" decoding=\"async\" class=\"alignright size-medium wp-image-155\" src=\"http:\/\/www.gtv-grossenmeer.de\/wordpress\/wp-content\/uploads\/2014\/03\/2004bv20-300x225.jpg\" alt=\"2004bv20\" width=\"300\" height=\"225\" srcset=\"https:\/\/www.gtv-grossenmeer.de\/wp-content\/uploads\/2014\/03\/2004bv20-300x225.jpg 300w, https:\/\/www.gtv-grossenmeer.de\/wp-content\/uploads\/2014\/03\/2004bv20.jpg 600w\" sizes=\"(max-width: 300px) 100vw, 300px\" \/><\/a><br \/>\nHajo Timmermann (0172-1735701)<\/p>\n<p><strong><span style=\"color: #0000ff;\">Im Sommer auf dem Beachplatz Sonntags 19:00 Uhr \u2600\ufe0f<\/span><\/strong><\/p>\n<p>&nbsp;<\/p>\n<p>&nbsp;<\/p>\n<p>&nbsp;<\/p>\n<p>&nbsp;<\/p>\n<p>&nbsp;<\/p>\n<p>&nbsp;<\/p>\n","protected":false},"excerpt":{"rendered":"<p>Die Mixed-Volleyballgruppe des Gro\u00dfenmeerer Turnvereins trainiert immer Sonntags ab 19:30 Uhr. In der Gruppe spielen erwachsene und jugendliche Frauen und M\u00e4nner. \u00dcber Verst\u00e4rkung w\u00fcrden die GTV-Volleyballer sich freuen. Wer Interesse hat, kann sich beim Trainer Hajo Timmermann, Telefon \u200a 0172\/1735701, informieren oder einfach sonntags ab 19.30 Uhr in die Gro\u00dfenmeerer Sporthalle kommen. &nbsp; Mixed-Volleyballgruppe Sonntags [&hellip;]<\/p>\n","protected":false},"author":1,"featured_media":0,"parent":9,"menu_order":0,"comment_status":"closed","ping_status":"closed","template":"","meta":{"ngg_post_thumbnail":0,"footnotes":""},"_links":{"self":[{"href":"https:\/\/www.gtv-grossenmeer.de\/wordpress\/wp-json\/wp\/v2\/pages\/38"}],"collection":[{"href":"https:\/\/www.gtv-grossenmeer.de\/wordpress\/wp-json\/wp\/v2\/pages"}],"about":[{"href":"https:\/\/www.gtv-grossenmeer.de\/wordpress\/wp-json\/wp\/v2\/types\/page"}],"author":[{"embeddable":true,"href":"https:\/\/www.gtv-grossenmeer.de\/wordpress\/wp-json\/wp\/v2\/users\/1"}],"replies":[{"embeddable":true,"href":"https:\/\/www.gtv-grossenmeer.de\/wordpress\/wp-json\/wp\/v2\/comments?post=38"}],"version-history":[{"count":16,"href":"https:\/\/www.gtv-grossenmeer.de\/wordpress\/wp-json\/wp\/v2\/pages\/38\/revisions"}],"predecessor-version":[{"id":7108,"href":"https:\/\/www.gtv-grossenmeer.de\/wordpress\/wp-json\/wp\/v2\/pages\/38\/revisions\/7108"}],"up":[{"embeddable":true,"href":"https:\/\/www.gtv-grossenmeer.de\/wordpress\/wp-json\/wp\/v2\/pages\/9"}],"wp:attachment":[{"href":"https:\/\/www.gtv-grossenmeer.de\/wordpress\/wp-json\/wp\/v2\/media?parent=38"}],"curies":[{"name":"wp","href":"https:\/\/api.w.org\/{rel}","templated":true}]}}