{"id":405,"date":"2014-10-29T16:08:24","date_gmt":"2014-10-29T15:08:24","guid":{"rendered":"http:\/\/www.gtv-grossenmeer.de\/wordpress\/?page_id=405"},"modified":"2026-03-26T09:40:57","modified_gmt":"2026-03-26T08:40:57","slug":"zumba-fitness","status":"publish","type":"page","link":"https:\/\/www.gtv-grossenmeer.de\/wordpress\/sportangebote\/zumba-fitness\/","title":{"rendered":"Zumba"},"content":{"rendered":"<p>&nbsp;<\/p>\n<p><a href=\"http:\/\/www.gtv-grossenmeer.de\/wordpress\/wp-content\/uploads\/2014\/10\/Zumba-BEschreibung.jpg\"><img loading=\"lazy\" decoding=\"async\" class=\"aligncenter  wp-image-396\" src=\"http:\/\/www.gtv-grossenmeer.de\/wordpress\/wp-content\/uploads\/2014\/10\/Zumba-BEschreibung.jpg\" alt=\"Zumba-BEschreibung\" width=\"434\" height=\"320\" srcset=\"https:\/\/www.gtv-grossenmeer.de\/wp-content\/uploads\/2014\/10\/Zumba-BEschreibung.jpg 641w, https:\/\/www.gtv-grossenmeer.de\/wp-content\/uploads\/2014\/10\/Zumba-BEschreibung-300x221.jpg 300w\" sizes=\"(max-width: 434px) 100vw, 434px\" \/><\/a><\/p>\n<h6><span style=\"font-size: revert;\">Kursleiterin: Megan Knabe Donnerstags 20:00 bis 21:00 Uhr<\/span><\/h6>\n<p>&nbsp; &nbsp; &nbsp; &nbsp; &nbsp; &nbsp; &nbsp; &nbsp;Tel: 0151- 40385211<\/p>\n<p><strong>Der Kurs 2\/26 startet am Donnerstag den 09.04.26 &nbsp;und endet am 25.06.2026 (11 Termine)<\/strong><\/p>\n<p><span style=\"font-size: revert;\">Kosten f\u00fcr diese Kurse: Extern 39 \u20ac , GTV \/ BTB 19,50 \u20ac, Sportverbund Ovelg\u00f6nne-Jade 28,50 \u20ac (Passive Mitglieder zahlen den Beitrag f\u00fcr externe Teilnehmerinnen)<\/span><\/p>\n<p>Anmeldung direkt bei der Kursleiterin&nbsp;<\/p>\n<p>Bitte den Betrag auf das Konto des Gro\u00dfenmeerer Turnverein \u00fcberweisen:<br>Raiffeisenbank Wesermarsch S\u00fcd<br>IBAN DE48 2806 1410 0302 5861 00 Betreff : Zumba 2-26<\/p>\n<p>&nbsp;<\/p>\n\n\n<p><\/p>\n","protected":false},"excerpt":{"rendered":"<p>&nbsp; Kursleiterin: Megan Knabe Donnerstags 20:00 bis 21:00 Uhr &nbsp; &nbsp; &nbsp; &nbsp; &nbsp; &nbsp; &nbsp; &nbsp;Tel: 0151- 40385211 Der Kurs 2\/26 startet am Donnerstag den 09.04.26 &nbsp;und endet am 25.06.2026 (11 Termine) Kosten f\u00fcr diese Kurse: Extern 39 \u20ac , GTV \/ BTB 19,50 \u20ac, Sportverbund Ovelg\u00f6nne-Jade 28,50 \u20ac (Passive Mitglieder zahlen den Beitrag [&hellip;]<\/p>\n","protected":false},"author":1,"featured_media":0,"parent":9,"menu_order":0,"comment_status":"closed","ping_status":"closed","template":"","meta":{"ngg_post_thumbnail":0,"footnotes":""},"_links":{"self":[{"href":"https:\/\/www.gtv-grossenmeer.de\/wordpress\/wp-json\/wp\/v2\/pages\/405"}],"collection":[{"href":"https:\/\/www.gtv-grossenmeer.de\/wordpress\/wp-json\/wp\/v2\/pages"}],"about":[{"href":"https:\/\/www.gtv-grossenmeer.de\/wordpress\/wp-json\/wp\/v2\/types\/page"}],"author":[{"embeddable":true,"href":"https:\/\/www.gtv-grossenmeer.de\/wordpress\/wp-json\/wp\/v2\/users\/1"}],"replies":[{"embeddable":true,"href":"https:\/\/www.gtv-grossenmeer.de\/wordpress\/wp-json\/wp\/v2\/comments?post=405"}],"version-history":[{"count":105,"href":"https:\/\/www.gtv-grossenmeer.de\/wordpress\/wp-json\/wp\/v2\/pages\/405\/revisions"}],"predecessor-version":[{"id":7381,"href":"https:\/\/www.gtv-grossenmeer.de\/wordpress\/wp-json\/wp\/v2\/pages\/405\/revisions\/7381"}],"up":[{"embeddable":true,"href":"https:\/\/www.gtv-grossenmeer.de\/wordpress\/wp-json\/wp\/v2\/pages\/9"}],"wp:attachment":[{"href":"https:\/\/www.gtv-grossenmeer.de\/wordpress\/wp-json\/wp\/v2\/media?parent=405"}],"curies":[{"name":"wp","href":"https:\/\/api.w.org\/{rel}","templated":true}]}}