{"id":42,"date":"2014-03-03T23:31:14","date_gmt":"2014-03-03T23:31:14","guid":{"rendered":"http:\/\/www.gtv-grossenmeer.de\/wordpress\/?page_id=42"},"modified":"2018-06-13T09:41:05","modified_gmt":"2018-06-13T08:41:05","slug":"tischtennis","status":"publish","type":"page","link":"https:\/\/www.gtv-grossenmeer.de\/wordpress\/sportangebote\/tischtennis\/","title":{"rendered":"Tischtennis"},"content":{"rendered":"<p>Tischtennis<\/p>\n<p>Die Sparte Hobby \u2013 TT sucht noch weitere Mitstreiter und besteht aktuell aus 10 Teilnehmern und wurden j\u00fcngst mit Sportkleidung ausgestattet.<\/p>\n<p><a href=\"http:\/\/www.gtv-grossenmeer.de\/wordpress\/wp-content\/uploads\/2018\/06\/DSC_0013.jpg\"><img loading=\"lazy\" decoding=\"async\" class=\"aligncenter size-full wp-image-2360\" src=\"http:\/\/www.gtv-grossenmeer.de\/wordpress\/wp-content\/uploads\/2018\/06\/DSC_0013.jpg\" alt=\"DSC_0013\" width=\"6000\" height=\"4000\" srcset=\"https:\/\/www.gtv-grossenmeer.de\/wp-content\/uploads\/2018\/06\/DSC_0013.jpg 6000w, https:\/\/www.gtv-grossenmeer.de\/wp-content\/uploads\/2018\/06\/DSC_0013-300x200.jpg 300w, https:\/\/www.gtv-grossenmeer.de\/wp-content\/uploads\/2018\/06\/DSC_0013-1024x683.jpg 1024w\" sizes=\"(max-width: 6000px) 100vw, 6000px\" \/><\/a><\/p>\n<p>Unsere aktuelle TT-Gruppe :<\/p>\n<p>Hans Mester, Jan Sch\u00fcttoff, Uwe Karger, Edith Koschnik, Jens Koschnik, G\u00fcnther Lemkemeyer, Klaus Warnken, Holger Beyer<br \/>\nEs fehlen : Matthes Gerke und Steffen Reinhardt<\/p>\n<p><a href=\"http:\/\/www.gtv-grossenmeer.de\/wordpress\/wp-content\/uploads\/2014\/03\/table.jpg\"><img loading=\"lazy\" decoding=\"async\" class=\"alignleft size-medium wp-image-72\" src=\"http:\/\/www.gtv-grossenmeer.de\/wordpress\/wp-content\/uploads\/2014\/03\/table-300x225.jpg\" alt=\"table\" width=\"300\" height=\"225\" srcset=\"https:\/\/www.gtv-grossenmeer.de\/wp-content\/uploads\/2014\/03\/table-300x225.jpg 300w, https:\/\/www.gtv-grossenmeer.de\/wp-content\/uploads\/2014\/03\/table.jpg 550w\" sizes=\"(max-width: 300px) 100vw, 300px\" \/><\/a><\/p>\n<p>Tischtennis hat seit vielen Jahren in Gro\u00dfenmeer Tradition. Die Mannschaften des GTV haben auch schon beachtliche Erfolge errungen. Aktuell sind in den \u00dcbungsgruppen Pl\u00e4tze frei. Wer in das Training hinein schnuppern m\u00f6chte, ist herzlich willkommen!<br \/>\nHans Mester trainiert die Tischtennisabteilung.<\/p>\n<p>&nbsp;<\/p>\n<p>&nbsp;<\/p>\n<p><strong>Montags&nbsp;&nbsp;&nbsp; &nbsp; &nbsp;18.00 &#8211; 19.45 Hobbygruppe Erwachsene und Jugendliche<\/strong><br \/>\nLeitung Hans Mester ( 04483\/363)<\/p>\n<p>&nbsp;<\/p>\n","protected":false},"excerpt":{"rendered":"<p>Tischtennis Die Sparte Hobby \u2013 TT sucht noch weitere Mitstreiter und besteht aktuell aus 10 Teilnehmern und wurden j\u00fcngst mit Sportkleidung ausgestattet. Unsere aktuelle TT-Gruppe : Hans Mester, Jan Sch\u00fcttoff, Uwe Karger, Edith Koschnik, Jens Koschnik, G\u00fcnther Lemkemeyer, Klaus Warnken, Holger Beyer Es fehlen : Matthes Gerke und Steffen Reinhardt Tischtennis hat seit vielen Jahren [&hellip;]<\/p>\n","protected":false},"author":1,"featured_media":0,"parent":9,"menu_order":0,"comment_status":"closed","ping_status":"closed","template":"","meta":{"ngg_post_thumbnail":0,"footnotes":""},"_links":{"self":[{"href":"https:\/\/www.gtv-grossenmeer.de\/wordpress\/wp-json\/wp\/v2\/pages\/42"}],"collection":[{"href":"https:\/\/www.gtv-grossenmeer.de\/wordpress\/wp-json\/wp\/v2\/pages"}],"about":[{"href":"https:\/\/www.gtv-grossenmeer.de\/wordpress\/wp-json\/wp\/v2\/types\/page"}],"author":[{"embeddable":true,"href":"https:\/\/www.gtv-grossenmeer.de\/wordpress\/wp-json\/wp\/v2\/users\/1"}],"replies":[{"embeddable":true,"href":"https:\/\/www.gtv-grossenmeer.de\/wordpress\/wp-json\/wp\/v2\/comments?post=42"}],"version-history":[{"count":13,"href":"https:\/\/www.gtv-grossenmeer.de\/wordpress\/wp-json\/wp\/v2\/pages\/42\/revisions"}],"predecessor-version":[{"id":2365,"href":"https:\/\/www.gtv-grossenmeer.de\/wordpress\/wp-json\/wp\/v2\/pages\/42\/revisions\/2365"}],"up":[{"embeddable":true,"href":"https:\/\/www.gtv-grossenmeer.de\/wordpress\/wp-json\/wp\/v2\/pages\/9"}],"wp:attachment":[{"href":"https:\/\/www.gtv-grossenmeer.de\/wordpress\/wp-json\/wp\/v2\/media?parent=42"}],"curies":[{"name":"wp","href":"https:\/\/api.w.org\/{rel}","templated":true}]}}