{"id":4981,"date":"2020-07-16T15:22:26","date_gmt":"2020-07-16T14:22:26","guid":{"rendered":"http:\/\/www.gtv-grossenmeer.de\/wordpress\/?page_id=4981"},"modified":"2025-10-26T20:02:58","modified_gmt":"2025-10-26T19:02:58","slug":"der-vorstand-des-gtv","status":"publish","type":"page","link":"https:\/\/www.gtv-grossenmeer.de\/wordpress\/der-vorstand-des-gtv\/","title":{"rendered":"Der Vorstand des GTV"},"content":{"rendered":"\n<p><strong>Allgemeine Anfragen an den Vorstand unter info@gtv-grossenmeer.de<\/strong><\/p>\n\n\n\n<figure class=\"wp-block-image size-full is-resized\"><a href=\"https:\/\/www.gtv-grossenmeer.de\/wp-content\/uploads\/2024\/08\/Vorstand2024-1.jpg\"><img loading=\"lazy\" decoding=\"async\" width=\"595\" height=\"841\" src=\"https:\/\/www.gtv-grossenmeer.de\/wp-content\/uploads\/2024\/08\/Vorstand2024-1.jpg\" alt=\"\" class=\"wp-image-6400\" style=\"width:613px;height:auto\" srcset=\"https:\/\/www.gtv-grossenmeer.de\/wp-content\/uploads\/2024\/08\/Vorstand2024-1.jpg 595w, https:\/\/www.gtv-grossenmeer.de\/wp-content\/uploads\/2024\/08\/Vorstand2024-1-212x300.jpg 212w\" sizes=\"(max-width: 595px) 100vw, 595px\" \/><\/a><\/figure>\n\n\n\n<p> <\/p>\n\n\n\n<p>Zust\u00e4ndigkeiten, wen spreche in an?<\/p>\n\n\n\n<p>Kathrin Kleen<br>1.Vorsitzende<\/p>\n\n\n\n<p>Alle Belange, erster Kontakt \/ Anfragen, Sportangebot, \u00dcbungsleiter:innen, Sportverb\u00e4nde, Sportverbund Ovelg\u00f6nne-Jade, Gemeinschaft der Gro\u00dfenmeerer Vereine<\/p>\n\n\n\n<p>Hannah Fischer<br>2. Vorsitzende<\/p>\n\n\n\n<p>Hallenwartin (Ger\u00e4te), Schl\u00fcsselverwaltung, Kursplanungen, \u00dcbungsleiter:innen;<br>Nutzungsplan Anbau\/Vereinsraum<\/p>\n\n\n\n<p>Wilfried M\u00fcller<br>Finanzen\/Kasse<\/p>\n\n\n\n<p>Mitgliederverwaltung (Beitrittserkl\u00e4rungen, K\u00fcndigungen, \u00c4nderungen) <br>Sportplatz; zusammen mit J\u00fcrgen Ahlers (Platzwart)<br>Verwaltung Sportverb\u00e4nde (LSB,KSB), Samstagslauf<br>homepage<\/p>\n\n\n\n<p>Medien-Wartin: Jantje M\u00fcller<\/p>\n\n\n\n<p>Wir machen nat\u00fcrlich noch einiges mehr, oft in gemeinsamer Zust\u00e4ndigkeit, aber zumindest habt ihr hier einen \u00dcberblick (den wir aktualisieren werden) \u00fcber direkte Zuordnungen bei euren Fragen<\/p>\n","protected":false},"excerpt":{"rendered":"<p>Allgemeine Anfragen an den Vorstand unter info@gtv-grossenmeer.de Zust\u00e4ndigkeiten, wen spreche in an? Kathrin Kleen1.Vorsitzende Alle Belange, erster Kontakt \/ Anfragen, Sportangebot, \u00dcbungsleiter:innen, Sportverb\u00e4nde, Sportverbund Ovelg\u00f6nne-Jade, Gemeinschaft der Gro\u00dfenmeerer Vereine Hannah Fischer2. Vorsitzende Hallenwartin (Ger\u00e4te), Schl\u00fcsselverwaltung, Kursplanungen, \u00dcbungsleiter:innen;Nutzungsplan Anbau\/Vereinsraum Wilfried M\u00fcllerFinanzen\/Kasse Mitgliederverwaltung (Beitrittserkl\u00e4rungen, K\u00fcndigungen, \u00c4nderungen) Sportplatz; zusammen mit J\u00fcrgen Ahlers (Platzwart)Verwaltung Sportverb\u00e4nde (LSB,KSB), Samstagslaufhomepage Medien-Wartin: Jantje [&hellip;]<\/p>\n","protected":false},"author":1,"featured_media":0,"parent":0,"menu_order":8,"comment_status":"closed","ping_status":"closed","template":"","meta":{"ngg_post_thumbnail":0,"footnotes":""},"_links":{"self":[{"href":"https:\/\/www.gtv-grossenmeer.de\/wordpress\/wp-json\/wp\/v2\/pages\/4981"}],"collection":[{"href":"https:\/\/www.gtv-grossenmeer.de\/wordpress\/wp-json\/wp\/v2\/pages"}],"about":[{"href":"https:\/\/www.gtv-grossenmeer.de\/wordpress\/wp-json\/wp\/v2\/types\/page"}],"author":[{"embeddable":true,"href":"https:\/\/www.gtv-grossenmeer.de\/wordpress\/wp-json\/wp\/v2\/users\/1"}],"replies":[{"embeddable":true,"href":"https:\/\/www.gtv-grossenmeer.de\/wordpress\/wp-json\/wp\/v2\/comments?post=4981"}],"version-history":[{"count":20,"href":"https:\/\/www.gtv-grossenmeer.de\/wordpress\/wp-json\/wp\/v2\/pages\/4981\/revisions"}],"predecessor-version":[{"id":7123,"href":"https:\/\/www.gtv-grossenmeer.de\/wordpress\/wp-json\/wp\/v2\/pages\/4981\/revisions\/7123"}],"wp:attachment":[{"href":"https:\/\/www.gtv-grossenmeer.de\/wordpress\/wp-json\/wp\/v2\/media?parent=4981"}],"curies":[{"name":"wp","href":"https:\/\/api.w.org\/{rel}","templated":true}]}}