{"id":6049,"date":"2024-01-03T17:20:56","date_gmt":"2024-01-03T16:20:56","guid":{"rendered":"http:\/\/www.gtv-grossenmeer.de\/wordpress\/?page_id=6049"},"modified":"2026-03-14T17:05:06","modified_gmt":"2026-03-14T16:05:06","slug":"yoga","status":"publish","type":"page","link":"https:\/\/www.gtv-grossenmeer.de\/wordpress\/sportangebote\/yoga\/","title":{"rendered":"Yoga"},"content":{"rendered":"<figure class=\"wp-block-image alignleft is-resized\"><\/figure>\n\n\n<p class=\"has-text-align-center has-vivid-cyan-blue-color has-text-color has-link-color wp-elements-c68ce1023a6bc5b1a0038f62f2eaef2c\">Die neuen Kurse f\u00fcr das n\u00e4chste Quartal: <br>Bei Interesse bitte bei der Kursleiterin oder Hannah Fischer (Vorstand) anfragen<\/p>\n\n\n\n<p><\/p>\n\n\n\n<p>Kursleiterin ist Anna Steenken   Tel: 0174 5290 452<\/p>\n\n\n\n<p class=\"has-vivid-red-color has-text-color has-link-color wp-elements-6b3fce62548d4947578b92103119d0d0\">Achtung: <strong>Neue Hallentermine 2026!<\/strong><\/p>\n\n\n<p><strong><span style=\"color: #0000ff;\">Kurs 2\/26-60<\/span>:<\/strong> Mittwoch <span style=\"color: #ff0000;\"><span style=\"caret-color: #ff0000;\">17:15 &#8211; 18. 15 <\/span><\/span>; Start: 15.04.2026&nbsp;&nbsp;<strong><br><\/strong>Kosten f\u00fcr den Kurs bis 17.06.26 &gt; 10 Termine: Gtv-Mitglieder 80,- \u20ac , Externe 120,- \u20ac<\/p>\n<p>Stretching- Yoga 60 Min: <br>Wenn du in deinem Alltag viel sitzt, st\u00e4ndig \u00fcber R\u00fcckenschmerzen klagst oder das Gef\u00fchl hast immer unbeweglicher und steifer zu sein, dann ist dieser Kurs genau das richtige f\u00fcr dich.<br>Hier widmen wir uns dem ganzen K\u00f6rper. Dehnen die Faszien, kr\u00e4ftigen die Muskeln und st\u00e4rken das Herz- Kreislauf- System.<br>Erfahrungen brauchst du nicht unbedingt mitbringen.<\/p>\n<p>Schnapp dir deine Matte, ein kleines Kissen und ggf eine Decke (falls du schnell frierst) und lass uns gemeinsam was f\u00fcr deine Gesundheit tun.&nbsp;<\/p>\n<p>&nbsp;<\/p>\n<p><span style=\"color: #0000ff;\"><strong>Kurs 2\/26-90<\/strong>:<\/span>&nbsp;<span style=\"color: #ff0000;\"><span style=\"caret-color: #ff0000;\">Mittwoch 18:30 &#8211; 20:00 Uhr <\/span><\/span>; Start 15.04.2026 <span style=\"color: #ff0000;\">Kurs ist Voll! Anfragen ggf an die Kursleiterin<\/span><br>Kosten f\u00fcr den Kurs bis 17.06.26 &gt; 9 Termine: Gtv-Mitglieder 115,- \u20ac , Externe 150,- \u20ac<\/p>\n<div id=\"m_-8880136890399908051AppleMailSignature\" dir=\"ltr\">&nbsp;Anahata-Yoga 90 Min.<\/div>\n<div dir=\"ltr\">&nbsp;<\/div>\n<div id=\"m_-8880136890399908051AppleMailSignature\" dir=\"ltr\">Anahata steht f\u00fcr Herzchakra, f\u00fcr das F\u00fchlen und Sp\u00fcren und genau darum wird es in diesem Kurs gehen.<\/div>\n<div id=\"m_-8880136890399908051AppleMailSignature\" dir=\"ltr\">Wir tauchen in unser Inneres, verbinden uns mit dem Atem und l\u00f6sen sanft Blockaden, die sich auf k\u00f6rperlicher Ebene festgesetzt haben.&nbsp;<\/div>\n<div id=\"m_-8880136890399908051AppleMailSignature\" dir=\"ltr\">Hier lernst du dich zu f\u00fchlen, deine Bed\u00fcrfnisse zu verstehen und vor allem dich zu entspannen.&nbsp;<\/div>\n<div id=\"m_-8880136890399908051AppleMailSignature\" dir=\"ltr\">Falls du also schon Erfahrungen im Yoga hast und Lust versp\u00fcrst in einer kleinen Gruppe dem Alltag zu entfliehen, so lade ich dich ein mit mir auf deiner Matte abzutauchen.<\/div>\n<div id=\"m_-8880136890399908051AppleMailSignature\" dir=\"ltr\">Bring ein kleines Kissen und eine Decke mit.<\/div>\n<div dir=\"ltr\">&nbsp;<\/div>\n<div dir=\"ltr\">Die Geb\u00fchr f\u00fcr beide Kurse <span style=\"color: #ff0000;\">bis zum Kursstart<\/span> bitte \u00fcberweisen auf das Konto des <br>Gro\u00dfenmeerer Turnverein<br>IBAN DE48 2806 1410 0302 5861 00<\/div>\n<div dir=\"ltr\"><strong><span style=\"color: #ff0000;\">mit Angabe zum Kurs: &nbsp;<span style=\"color: #0000ff;\">Yoga 2\/26-60<\/span> oder <span style=\"color: #0000ff;\">Yoga 2\/26-90<\/span><\/span><\/strong><\/div>\n<div dir=\"ltr\">&nbsp;<\/div>\n<div dir=\"ltr\">Danke!<\/div>\n<div dir=\"ltr\">&nbsp;<\/div>\n\n\n<p><\/p>\n\n\n\n<p><\/p>\n\n\n\n<p><\/p>\n","protected":false},"excerpt":{"rendered":"<p>Die neuen Kurse f\u00fcr das n\u00e4chste Quartal: Bei Interesse bitte bei der Kursleiterin oder Hannah Fischer (Vorstand) anfragen Kursleiterin ist Anna Steenken Tel: 0174 5290 452 Achtung: Neue Hallentermine 2026! Kurs 2\/26-60: Mittwoch 17:15 &#8211; 18. 15 ; Start: 15.04.2026&nbsp;&nbsp;Kosten f\u00fcr den Kurs bis 17.06.26 &gt; 10 Termine: Gtv-Mitglieder 80,- \u20ac , Externe 120,- \u20ac [&hellip;]<\/p>\n","protected":false},"author":1,"featured_media":0,"parent":9,"menu_order":10,"comment_status":"closed","ping_status":"closed","template":"","meta":{"ngg_post_thumbnail":0,"footnotes":""},"_links":{"self":[{"href":"https:\/\/www.gtv-grossenmeer.de\/wordpress\/wp-json\/wp\/v2\/pages\/6049"}],"collection":[{"href":"https:\/\/www.gtv-grossenmeer.de\/wordpress\/wp-json\/wp\/v2\/pages"}],"about":[{"href":"https:\/\/www.gtv-grossenmeer.de\/wordpress\/wp-json\/wp\/v2\/types\/page"}],"author":[{"embeddable":true,"href":"https:\/\/www.gtv-grossenmeer.de\/wordpress\/wp-json\/wp\/v2\/users\/1"}],"replies":[{"embeddable":true,"href":"https:\/\/www.gtv-grossenmeer.de\/wordpress\/wp-json\/wp\/v2\/comments?post=6049"}],"version-history":[{"count":50,"href":"https:\/\/www.gtv-grossenmeer.de\/wordpress\/wp-json\/wp\/v2\/pages\/6049\/revisions"}],"predecessor-version":[{"id":7371,"href":"https:\/\/www.gtv-grossenmeer.de\/wordpress\/wp-json\/wp\/v2\/pages\/6049\/revisions\/7371"}],"up":[{"embeddable":true,"href":"https:\/\/www.gtv-grossenmeer.de\/wordpress\/wp-json\/wp\/v2\/pages\/9"}],"wp:attachment":[{"href":"https:\/\/www.gtv-grossenmeer.de\/wordpress\/wp-json\/wp\/v2\/media?parent=6049"}],"curies":[{"name":"wp","href":"https:\/\/api.w.org\/{rel}","templated":true}]}}