{"id":9,"date":"2014-03-03T23:16:23","date_gmt":"2014-03-03T23:16:23","guid":{"rendered":"http:\/\/www.gtv-grossenmeer.de\/wordpress\/?page_id=9"},"modified":"2023-01-02T21:01:49","modified_gmt":"2023-01-02T20:01:49","slug":"sportangebote","status":"publish","type":"page","link":"https:\/\/www.gtv-grossenmeer.de\/wordpress\/sportangebote\/","title":{"rendered":"Sportangebote"},"content":{"rendered":"<p>Der Gro\u00dfenmeerer Turnverein bem\u00fcht sich f\u00fcr alle Altersgruppen Sportangebote anzubieten. Dazu ist viel ehrenamtliches Engagement erforderlich. Hier bedanken wir uns bei den zust\u00e4ndigen \u00dcbungsleitern und Betreuern sowie den oft unterst\u00fctzenden Eltern.<br \/>\nWir arbeiten st\u00e4ndig an einer Verbesserung und Ausweitung des Angebots; Ideen, Anregungen und nat\u00fcrlich auch finanzielle Unterst\u00fctzung (als Mitglied oder durch Spenden) sind immer willkommen und werden direkt in die aktiven Sportgruppen und die Qualifizierung der \u00dcbungsleiter investiert.<br \/>\n&#8222;Breitensport f\u00fcr die Region&#8220; ist ein ernst gemeinter und wichtiger Slogan und beschreibt die Bedeutung des Turnvereins:<\/p>\n<p>Wir freuen uns auf dich!<\/p>\n<p>Die AnsprechpartnerInnen f\u00fcr die Sportbereiche findest du jeweils auf den Seiten der Abteilung.<\/p>\n<p>Der Vorstand<br \/>\nGro\u00dfenmeerer Turnverein 1921 e.V.<\/p>\n","protected":false},"excerpt":{"rendered":"<p>Der Gro\u00dfenmeerer Turnverein bem\u00fcht sich f\u00fcr alle Altersgruppen Sportangebote anzubieten. Dazu ist viel ehrenamtliches Engagement erforderlich. Hier bedanken wir uns bei den zust\u00e4ndigen \u00dcbungsleitern und Betreuern sowie den oft unterst\u00fctzenden Eltern. Wir arbeiten st\u00e4ndig an einer Verbesserung und Ausweitung des Angebots; Ideen, Anregungen und nat\u00fcrlich auch finanzielle Unterst\u00fctzung (als Mitglied oder durch Spenden) sind immer [&hellip;]<\/p>\n","protected":false},"author":1,"featured_media":0,"parent":0,"menu_order":3,"comment_status":"closed","ping_status":"closed","template":"","meta":{"ngg_post_thumbnail":0,"footnotes":""},"_links":{"self":[{"href":"https:\/\/www.gtv-grossenmeer.de\/wordpress\/wp-json\/wp\/v2\/pages\/9"}],"collection":[{"href":"https:\/\/www.gtv-grossenmeer.de\/wordpress\/wp-json\/wp\/v2\/pages"}],"about":[{"href":"https:\/\/www.gtv-grossenmeer.de\/wordpress\/wp-json\/wp\/v2\/types\/page"}],"author":[{"embeddable":true,"href":"https:\/\/www.gtv-grossenmeer.de\/wordpress\/wp-json\/wp\/v2\/users\/1"}],"replies":[{"embeddable":true,"href":"https:\/\/www.gtv-grossenmeer.de\/wordpress\/wp-json\/wp\/v2\/comments?post=9"}],"version-history":[{"count":4,"href":"https:\/\/www.gtv-grossenmeer.de\/wordpress\/wp-json\/wp\/v2\/pages\/9\/revisions"}],"predecessor-version":[{"id":974,"href":"https:\/\/www.gtv-grossenmeer.de\/wordpress\/wp-json\/wp\/v2\/pages\/9\/revisions\/974"}],"wp:attachment":[{"href":"https:\/\/www.gtv-grossenmeer.de\/wordpress\/wp-json\/wp\/v2\/media?parent=9"}],"curies":[{"name":"wp","href":"https:\/\/api.w.org\/{rel}","templated":true}]}}